{"id":18856,"date":"2023-10-30T10:23:51","date_gmt":"2023-10-30T09:23:51","guid":{"rendered":"https:\/\/www.escapade-norvegienne.com\/qui-sommes-nous\/"},"modified":"2023-12-17T12:43:02","modified_gmt":"2023-12-17T11:43:02","slug":"who-are-we","status":"publish","type":"page","link":"https:\/\/www.escapade-norvegienne.com\/en\/who-are-we\/","title":{"rendered":"Who are we?"},"content":{"rendered":"\t\t<div data-elementor-type=\"wp-page\" data-elementor-id=\"18856\" class=\"elementor elementor-18856 elementor-8452\" data-elementor-post-type=\"page\">\n\t\t\t\t\t\t<section class=\"elementor-section elementor-top-section elementor-element elementor-element-425e9c7b elementor-section-stretched elementor-section-height-min-height elementor-section-content-bottom elementor-reverse-mobile elementor-section-boxed elementor-section-height-default elementor-section-items-middle\" data-id=\"425e9c7b\" data-element_type=\"section\" data-settings=\"{&quot;stretch_section&quot;:&quot;section-stretched&quot;,&quot;background_background&quot;:&quot;slideshow&quot;,&quot;background_slideshow_gallery&quot;:[{&quot;id&quot;:18330,&quot;url&quot;:&quot;https:\\\/\\\/www.escapade-norvegienne.com\\\/wp-content\\\/uploads\\\/2023\\\/11\\\/IMG_2148-scaled.jpg&quot;},{&quot;id&quot;:22920,&quot;url&quot;:&quot;https:\\\/\\\/www.escapade-norvegienne.com\\\/wp-content\\\/uploads\\\/2023\\\/12\\\/IMG_0150-scaled-1.jpg&quot;},{&quot;id&quot;:18346,&quot;url&quot;:&quot;https:\\\/\\\/www.escapade-norvegienne.com\\\/wp-content\\\/uploads\\\/2023\\\/11\\\/IMG_2253-scaled.jpg&quot;},{&quot;id&quot;:18412,&quot;url&quot;:&quot;https:\\\/\\\/www.escapade-norvegienne.com\\\/wp-content\\\/uploads\\\/2023\\\/11\\\/IMG_2949-scaled.jpg&quot;},{&quot;id&quot;:18402,&quot;url&quot;:&quot;https:\\\/\\\/www.escapade-norvegienne.com\\\/wp-content\\\/uploads\\\/2023\\\/11\\\/P1221992.jpg&quot;},{&quot;id&quot;:18414,&quot;url&quot;:&quot;https:\\\/\\\/www.escapade-norvegienne.com\\\/wp-content\\\/uploads\\\/2023\\\/11\\\/IMG_3080-scaled.jpg&quot;},{&quot;id&quot;:22923,&quot;url&quot;:&quot;https:\\\/\\\/www.escapade-norvegienne.com\\\/wp-content\\\/uploads\\\/2023\\\/12\\\/table.jpg&quot;}],&quot;background_slideshow_ken_burns&quot;:&quot;yes&quot;,&quot;background_slideshow_loop&quot;:&quot;yes&quot;,&quot;background_slideshow_slide_duration&quot;:5000,&quot;background_slideshow_slide_transition&quot;:&quot;fade&quot;,&quot;background_slideshow_transition_duration&quot;:500,&quot;background_slideshow_ken_burns_zoom_direction&quot;:&quot;in&quot;,&quot;ekit_has_onepagescroll_dot&quot;:&quot;yes&quot;}\">\n\t\t\t\t\t\t<div class=\"elementor-container elementor-column-gap-default\">\n\t\t\t\t\t<div class=\"elementor-column elementor-col-100 elementor-top-column elementor-element elementor-element-6b2dcd10\" data-id=\"6b2dcd10\" data-element_type=\"column\" data-settings=\"{&quot;background_background&quot;:&quot;classic&quot;}\">\n\t\t\t<div class=\"elementor-widget-wrap elementor-element-populated\">\n\t\t\t\t\t\t<div class=\"elementor-element elementor-element-2405a235 elementor-widget elementor-widget-heading\" data-id=\"2405a235\" data-element_type=\"widget\" data-settings=\"{&quot;ekit_we_effect_on&quot;:&quot;none&quot;}\" data-widget_type=\"heading.default\">\n\t\t\t\t<div class=\"elementor-widget-container\">\n\t\t\t\t\t<h1 class=\"elementor-heading-title elementor-size-default\">Who are we ?<\/h1>\t\t\t\t<\/div>\n\t\t\t\t<\/div>\n\t\t\t\t\t<\/div>\n\t\t<\/div>\n\t\t\t\t\t<\/div>\n\t\t<\/section>\n\t\t\t\t<section class=\"elementor-section elementor-top-section elementor-element elementor-element-197628a elementor-section-boxed elementor-section-height-default elementor-section-height-default\" data-id=\"197628a\" data-element_type=\"section\" data-settings=\"{&quot;ekit_has_onepagescroll_dot&quot;:&quot;yes&quot;}\">\n\t\t\t\t\t\t<div class=\"elementor-container elementor-column-gap-default\">\n\t\t\t\t\t<div class=\"elementor-column elementor-col-100 elementor-top-column elementor-element elementor-element-afaceb3\" data-id=\"afaceb3\" data-element_type=\"column\">\n\t\t\t<div class=\"elementor-widget-wrap elementor-element-populated\">\n\t\t\t\t\t\t<div class=\"elementor-element elementor-element-04d4704 elementor-widget elementor-widget-heading\" data-id=\"04d4704\" data-element_type=\"widget\" data-settings=\"{&quot;ekit_we_effect_on&quot;:&quot;none&quot;}\" data-widget_type=\"heading.default\">\n\t\t\t\t<div class=\"elementor-widget-container\">\n\t\t\t\t\t<h2 class=\"elementor-heading-title elementor-size-default\"><a href=\"\/activite-chasse-escapade-norvegienne\/\">People who love nature and the great outdoors welcome you !<\/a><\/h2>\t\t\t\t<\/div>\n\t\t\t\t<\/div>\n\t\t\t\t<div class=\"elementor-element elementor-element-be983fa elementor-widget elementor-widget-tp-blockquote\" data-id=\"be983fa\" data-element_type=\"widget\" data-settings=\"{&quot;ekit_we_effect_on&quot;:&quot;none&quot;}\" data-widget_type=\"tp-blockquote.default\">\n\t\t\t\t<div class=\"elementor-widget-container\">\n\t\t\t\t\t<div class=\"pt-plus-text-block-wrapper\" ><div class=\"text_block_parallax\"><div class=\"plus_blockquote quote-style-1   none \" ><blockquote class=\"quote-text\"><span class=\"tp-bq-desc\"><p>We are a passionate couple from the Tarn region of south-west France who have decided to live our Norwegian dream with our sled dogs.<\/p><\/span><\/blockquote><\/div><\/div><\/div>\t\t\t\t<\/div>\n\t\t\t\t<\/div>\n\t\t\t\t<div class=\"elementor-element elementor-element-6db7bd8 elementor-widget elementor-widget-heading\" data-id=\"6db7bd8\" data-element_type=\"widget\" data-settings=\"{&quot;ekit_we_effect_on&quot;:&quot;none&quot;}\" data-widget_type=\"heading.default\">\n\t\t\t\t<div class=\"elementor-widget-container\">\n\t\t\t\t\t<h2 class=\"elementor-heading-title elementor-size-default\"><a href=\"\/activite-chasse-escapade-norvegienne\/\">Dog sled races have brought us here, to the heart of Norway<\/a><\/h2>\t\t\t\t<\/div>\n\t\t\t\t<\/div>\n\t\t\t\t<div class=\"elementor-element elementor-element-1320370 elementor-widget elementor-widget-text-editor\" data-id=\"1320370\" data-element_type=\"widget\" data-settings=\"{&quot;ekit_we_effect_on&quot;:&quot;none&quot;}\" data-widget_type=\"text-editor.default\">\n\t\t\t\t<div class=\"elementor-widget-container\">\n\t\t\t\t\t\t\t\t\t<p>After discovering the &#8220;<span style=\"color: #448081;\"><strong> Fjellregion<\/strong><\/span>&#8221; in central Norway in 2007 during a sledding competition, we moved in 2009 to Moen Gard, a large wooden farmhouse at the foot of the highlands in <span style=\"color: #448081;\"><strong>Hodalen<\/strong><\/span>, in the heart of the <span style=\"color: #448081;\"><strong>Norwegian nature<\/strong><\/span>.<\/p><p>We have renovated the farm to welcome our guests in a way that respects the surroundings. The buildings are made of old logs and we wanted to preserve the spirit of the place in all simplicity.<\/p><p>Jean-Philippe Pontier, musher mechanic and fisherman on his website <strong><a href=\"https:\/\/www.team-pontier.com\/\" target=\"_blank\" rel=\"noopener\">www.team-pontier.com<\/a><\/strong><br \/>Passionate about <span style=\"color: #448081;\"><strong>sled dogs <\/strong><\/span>since the age of 18, French champion in 2004 and winner of La Grande Odyss\u00e9e Savoie Mont Blanc in 2014, he continues to take part in long-distance competitions in Norway.<\/p><p><span style=\"color: #448081;\"><strong>St\u00e9phanie<\/strong><\/span>, an engineer by training, is curious about technology, progress and culture, and loves nature, photography and reading. She prepares all the dishes served at the farm. Norwegian, French, inventive, colourful, tasty&#8230;<\/p><p>Our ambition is to share our world with you and to help you discover this small but beautiful country.<\/p>\t\t\t\t\t\t\t\t<\/div>\n\t\t\t\t<\/div>\n\t\t\t\t\t<\/div>\n\t\t<\/div>\n\t\t\t\t\t<\/div>\n\t\t<\/section>\n\t\t\t\t<section class=\"elementor-section elementor-top-section elementor-element elementor-element-e9cc5a5 elementor-section-boxed elementor-section-height-default elementor-section-height-default\" data-id=\"e9cc5a5\" data-element_type=\"section\" data-settings=\"{&quot;ekit_has_onepagescroll_dot&quot;:&quot;yes&quot;}\">\n\t\t\t\t\t\t<div class=\"elementor-container elementor-column-gap-default\">\n\t\t\t\t\t<div class=\"elementor-column elementor-col-100 elementor-top-column elementor-element elementor-element-d9d892f\" data-id=\"d9d892f\" data-element_type=\"column\">\n\t\t\t<div class=\"elementor-widget-wrap elementor-element-populated\">\n\t\t\t\t\t\t<div class=\"elementor-element elementor-element-01608fa elementor-arrows-position-inside elementor-pagination-position-outside elementor-widget elementor-widget-image-carousel\" data-id=\"01608fa\" data-element_type=\"widget\" data-settings=\"{&quot;navigation&quot;:&quot;both&quot;,&quot;autoplay&quot;:&quot;yes&quot;,&quot;pause_on_hover&quot;:&quot;yes&quot;,&quot;pause_on_interaction&quot;:&quot;yes&quot;,&quot;autoplay_speed&quot;:5000,&quot;infinite&quot;:&quot;yes&quot;,&quot;speed&quot;:500,&quot;ekit_we_effect_on&quot;:&quot;none&quot;}\" data-widget_type=\"image-carousel.default\">\n\t\t\t\t<div class=\"elementor-widget-container\">\n\t\t\t\t\t\t\t<div class=\"elementor-image-carousel-wrapper swiper\" role=\"region\" aria-roledescription=\"carousel\" aria-label=\"Image Carousel\" dir=\"ltr\">\n\t\t\t<div class=\"elementor-image-carousel swiper-wrapper\" aria-live=\"off\">\n\t\t\t\t\t\t\t\t<div class=\"swiper-slide\" role=\"group\" aria-roledescription=\"slide\" aria-label=\"1 of 6\"><figure class=\"swiper-slide-inner\"><img decoding=\"async\" class=\"swiper-slide-image\" src=\"https:\/\/www.escapade-norvegienne.com\/wp-content\/uploads\/2023\/06\/hiver-05-1024x1024.jpg\" alt=\"hiver-05\" \/><\/figure><\/div><div class=\"swiper-slide\" role=\"group\" aria-roledescription=\"slide\" aria-label=\"2 of 6\"><figure class=\"swiper-slide-inner\"><img decoding=\"async\" class=\"swiper-slide-image\" src=\"https:\/\/www.escapade-norvegienne.com\/wp-content\/uploads\/2023\/10\/famille-1024x1024.jpg\" alt=\"A propos de l&#039;\u00e9quipe de la soci\u00e9t\u00e9 Escapade Norv\u00e9gienne\" \/><\/figure><\/div><div class=\"swiper-slide\" role=\"group\" aria-roledescription=\"slide\" aria-label=\"3 of 6\"><figure class=\"swiper-slide-inner\"><img decoding=\"async\" class=\"swiper-slide-image\" src=\"https:\/\/www.escapade-norvegienne.com\/wp-content\/uploads\/2023\/06\/racer-03-1024x1024.jpg\" alt=\"racer-03\" \/><\/figure><\/div><div class=\"swiper-slide\" role=\"group\" aria-roledescription=\"slide\" aria-label=\"4 of 6\"><figure class=\"swiper-slide-inner\"><img decoding=\"async\" class=\"swiper-slide-image\" src=\"https:\/\/www.escapade-norvegienne.com\/wp-content\/uploads\/2023\/01\/JP-PONTIER.jpg\" alt=\"JP-PONTIER\" \/><\/figure><\/div><div class=\"swiper-slide\" role=\"group\" aria-roledescription=\"slide\" aria-label=\"5 of 6\"><figure class=\"swiper-slide-inner\"><img decoding=\"async\" class=\"swiper-slide-image\" src=\"https:\/\/www.escapade-norvegienne.com\/wp-content\/uploads\/2023\/10\/stephanie-1024x1024.jpg\" alt=\"A propos de l&#039;\u00e9quipe de la soci\u00e9t\u00e9 Escapade Norv\u00e9gienne\" \/><\/figure><\/div><div class=\"swiper-slide\" role=\"group\" aria-roledescription=\"slide\" aria-label=\"6 of 6\"><figure class=\"swiper-slide-inner\"><img decoding=\"async\" class=\"swiper-slide-image\" src=\"https:\/\/www.escapade-norvegienne.com\/wp-content\/uploads\/2023\/10\/igloo-1024x1024.jpg\" alt=\"igloo\" \/><\/figure><\/div>\t\t\t<\/div>\n\t\t\t\t\t\t\t\t\t\t\t\t<div class=\"elementor-swiper-button elementor-swiper-button-prev\" role=\"button\" tabindex=\"0\">\n\t\t\t\t\t\t<i aria-hidden=\"true\" class=\"eicon-chevron-left\"><\/i>\t\t\t\t\t<\/div>\n\t\t\t\t\t<div class=\"elementor-swiper-button elementor-swiper-button-next\" role=\"button\" tabindex=\"0\">\n\t\t\t\t\t\t<i aria-hidden=\"true\" class=\"eicon-chevron-right\"><\/i>\t\t\t\t\t<\/div>\n\t\t\t\t\n\t\t\t\t\t\t\t\t\t<div class=\"swiper-pagination\"><\/div>\n\t\t\t\t\t\t\t\t\t<\/div>\n\t\t\t\t\t\t<\/div>\n\t\t\t\t<\/div>\n\t\t\t\t\t<\/div>\n\t\t<\/div>\n\t\t\t\t\t<\/div>\n\t\t<\/section>\n\t\t\t\t<\/div>\n\t\t","protected":false},"excerpt":{"rendered":"<p>Who are we ? People who love nature and the great outdoors welcome you ! We are a passionate couple from the Tarn region of south-west France who have decided to live our Norwegian dream with our sled dogs. Dog sled races have brought us here, to the heart of Norway After discovering the &#8220; [&hellip;]<\/p>\n","protected":false},"author":1,"featured_media":0,"parent":0,"menu_order":0,"comment_status":"closed","ping_status":"closed","template":"elementor_header_footer","meta":{"footnotes":""},"class_list":["post-18856","page","type-page","status-publish","hentry"],"yoast_head":"<!-- This site is optimized with the Yoast SEO plugin v26.6 - https:\/\/yoast.com\/wordpress\/plugins\/seo\/ -->\n<title>Who are we? - Escapade Norvegienne<\/title>\n<meta name=\"description\" content=\"We are a passionate couple from the Tarn who have decided to live our Norwegian dream with our sled dogs.\" \/>\n<meta name=\"robots\" content=\"index, follow, max-snippet:-1, max-image-preview:large, max-video-preview:-1\" \/>\n<link rel=\"canonical\" href=\"https:\/\/www.escapade-norvegienne.com\/en\/who-are-we\/\" \/>\n<meta property=\"og:locale\" content=\"en_US\" \/>\n<meta property=\"og:type\" content=\"article\" \/>\n<meta property=\"og:title\" content=\"Who are we? - Escapade Norvegienne\" \/>\n<meta property=\"og:description\" content=\"We are a passionate couple from the Tarn who have decided to live our Norwegian dream with our sled dogs.\" \/>\n<meta property=\"og:url\" content=\"https:\/\/www.escapade-norvegienne.com\/en\/who-are-we\/\" \/>\n<meta property=\"og:site_name\" content=\"Escapade Norvegienne\" \/>\n<meta property=\"article:publisher\" content=\"https:\/\/www.facebook.com\/escapade.norvegienne\" \/>\n<meta property=\"article:modified_time\" content=\"2023-12-17T11:43:02+00:00\" \/>\n<meta property=\"og:image\" content=\"https:\/\/www.escapade-norvegienne.com\/wp-content\/uploads\/2023\/06\/hiver-05-1024x1024.jpg\" \/>\n<meta name=\"twitter:card\" content=\"summary_large_image\" \/>\n<meta name=\"twitter:label1\" content=\"Est. reading time\" \/>\n\t<meta name=\"twitter:data1\" content=\"4 minutes\" \/>\n<script type=\"application\/ld+json\" class=\"yoast-schema-graph\">{\"@context\":\"https:\/\/schema.org\",\"@graph\":[{\"@type\":[\"WebPage\",\"AboutPage\"],\"@id\":\"https:\/\/www.escapade-norvegienne.com\/en\/who-are-we\/\",\"url\":\"https:\/\/www.escapade-norvegienne.com\/en\/who-are-we\/\",\"name\":\"Who are we? - Escapade Norvegienne\",\"isPartOf\":{\"@id\":\"https:\/\/www.escapade-norvegienne.com\/en\/#website\"},\"primaryImageOfPage\":{\"@id\":\"https:\/\/www.escapade-norvegienne.com\/en\/who-are-we\/#primaryimage\"},\"image\":{\"@id\":\"https:\/\/www.escapade-norvegienne.com\/en\/who-are-we\/#primaryimage\"},\"thumbnailUrl\":\"https:\/\/www.escapade-norvegienne.com\/wp-content\/uploads\/2023\/06\/hiver-05-1024x1024.jpg\",\"datePublished\":\"2023-10-30T09:23:51+00:00\",\"dateModified\":\"2023-12-17T11:43:02+00:00\",\"description\":\"We are a passionate couple from the Tarn who have decided to live our Norwegian dream with our sled dogs.\",\"breadcrumb\":{\"@id\":\"https:\/\/www.escapade-norvegienne.com\/en\/who-are-we\/#breadcrumb\"},\"inLanguage\":\"en-US\",\"potentialAction\":[{\"@type\":\"ReadAction\",\"target\":[\"https:\/\/www.escapade-norvegienne.com\/en\/who-are-we\/\"]}]},{\"@type\":\"ImageObject\",\"inLanguage\":\"en-US\",\"@id\":\"https:\/\/www.escapade-norvegienne.com\/en\/who-are-we\/#primaryimage\",\"url\":\"https:\/\/www.escapade-norvegienne.com\/wp-content\/uploads\/2023\/06\/hiver-05-1024x1024.jpg\",\"contentUrl\":\"https:\/\/www.escapade-norvegienne.com\/wp-content\/uploads\/2023\/06\/hiver-05-1024x1024.jpg\"},{\"@type\":\"BreadcrumbList\",\"@id\":\"https:\/\/www.escapade-norvegienne.com\/en\/who-are-we\/#breadcrumb\",\"itemListElement\":[{\"@type\":\"ListItem\",\"position\":1,\"name\":\"Accueil\",\"item\":\"https:\/\/www.escapade-norvegienne.com\/en\/accueil\/\"},{\"@type\":\"ListItem\",\"position\":2,\"name\":\"Who are we?\"}]},{\"@type\":\"WebSite\",\"@id\":\"https:\/\/www.escapade-norvegienne.com\/en\/#website\",\"url\":\"https:\/\/www.escapade-norvegienne.com\/en\/\",\"name\":\"Escapade Norvegienne\",\"description\":\"Your nature | Holiday | In Norway\",\"publisher\":{\"@id\":\"https:\/\/www.escapade-norvegienne.com\/en\/#organization\"},\"potentialAction\":[{\"@type\":\"SearchAction\",\"target\":{\"@type\":\"EntryPoint\",\"urlTemplate\":\"https:\/\/www.escapade-norvegienne.com\/en\/?s={search_term_string}\"},\"query-input\":{\"@type\":\"PropertyValueSpecification\",\"valueRequired\":true,\"valueName\":\"search_term_string\"}}],\"inLanguage\":\"en-US\"},{\"@type\":\"Organization\",\"@id\":\"https:\/\/www.escapade-norvegienne.com\/en\/#organization\",\"name\":\"Escapade Norvegienne\",\"url\":\"https:\/\/www.escapade-norvegienne.com\/en\/\",\"logo\":{\"@type\":\"ImageObject\",\"inLanguage\":\"en-US\",\"@id\":\"https:\/\/www.escapade-norvegienne.com\/en\/#\/schema\/logo\/image\/\",\"url\":\"https:\/\/www.escapade-norvegienne.com\/wp-content\/uploads\/2023\/04\/logo-site2.png\",\"contentUrl\":\"https:\/\/www.escapade-norvegienne.com\/wp-content\/uploads\/2023\/04\/logo-site2.png\",\"width\":595,\"height\":212,\"caption\":\"Escapade Norvegienne\"},\"image\":{\"@id\":\"https:\/\/www.escapade-norvegienne.com\/en\/#\/schema\/logo\/image\/\"},\"sameAs\":[\"https:\/\/www.facebook.com\/escapade.norvegienne\",\"https:\/\/www.instagram.com\/escapade_norvegienne\/\"]}]}<\/script>\n<!-- \/ Yoast SEO plugin. -->","yoast_head_json":{"title":"Who are we? - Escapade Norvegienne","description":"We are a passionate couple from the Tarn who have decided to live our Norwegian dream with our sled dogs.","robots":{"index":"index","follow":"follow","max-snippet":"max-snippet:-1","max-image-preview":"max-image-preview:large","max-video-preview":"max-video-preview:-1"},"canonical":"https:\/\/www.escapade-norvegienne.com\/en\/who-are-we\/","og_locale":"en_US","og_type":"article","og_title":"Who are we? - Escapade Norvegienne","og_description":"We are a passionate couple from the Tarn who have decided to live our Norwegian dream with our sled dogs.","og_url":"https:\/\/www.escapade-norvegienne.com\/en\/who-are-we\/","og_site_name":"Escapade Norvegienne","article_publisher":"https:\/\/www.facebook.com\/escapade.norvegienne","article_modified_time":"2023-12-17T11:43:02+00:00","og_image":[{"url":"https:\/\/www.escapade-norvegienne.com\/wp-content\/uploads\/2023\/06\/hiver-05-1024x1024.jpg","type":"","width":"","height":""}],"twitter_card":"summary_large_image","twitter_misc":{"Est. reading time":"4 minutes"},"schema":{"@context":"https:\/\/schema.org","@graph":[{"@type":["WebPage","AboutPage"],"@id":"https:\/\/www.escapade-norvegienne.com\/en\/who-are-we\/","url":"https:\/\/www.escapade-norvegienne.com\/en\/who-are-we\/","name":"Who are we? - Escapade Norvegienne","isPartOf":{"@id":"https:\/\/www.escapade-norvegienne.com\/en\/#website"},"primaryImageOfPage":{"@id":"https:\/\/www.escapade-norvegienne.com\/en\/who-are-we\/#primaryimage"},"image":{"@id":"https:\/\/www.escapade-norvegienne.com\/en\/who-are-we\/#primaryimage"},"thumbnailUrl":"https:\/\/www.escapade-norvegienne.com\/wp-content\/uploads\/2023\/06\/hiver-05-1024x1024.jpg","datePublished":"2023-10-30T09:23:51+00:00","dateModified":"2023-12-17T11:43:02+00:00","description":"We are a passionate couple from the Tarn who have decided to live our Norwegian dream with our sled dogs.","breadcrumb":{"@id":"https:\/\/www.escapade-norvegienne.com\/en\/who-are-we\/#breadcrumb"},"inLanguage":"en-US","potentialAction":[{"@type":"ReadAction","target":["https:\/\/www.escapade-norvegienne.com\/en\/who-are-we\/"]}]},{"@type":"ImageObject","inLanguage":"en-US","@id":"https:\/\/www.escapade-norvegienne.com\/en\/who-are-we\/#primaryimage","url":"https:\/\/www.escapade-norvegienne.com\/wp-content\/uploads\/2023\/06\/hiver-05-1024x1024.jpg","contentUrl":"https:\/\/www.escapade-norvegienne.com\/wp-content\/uploads\/2023\/06\/hiver-05-1024x1024.jpg"},{"@type":"BreadcrumbList","@id":"https:\/\/www.escapade-norvegienne.com\/en\/who-are-we\/#breadcrumb","itemListElement":[{"@type":"ListItem","position":1,"name":"Accueil","item":"https:\/\/www.escapade-norvegienne.com\/en\/accueil\/"},{"@type":"ListItem","position":2,"name":"Who are we?"}]},{"@type":"WebSite","@id":"https:\/\/www.escapade-norvegienne.com\/en\/#website","url":"https:\/\/www.escapade-norvegienne.com\/en\/","name":"Escapade Norvegienne","description":"Your nature | Holiday | In Norway","publisher":{"@id":"https:\/\/www.escapade-norvegienne.com\/en\/#organization"},"potentialAction":[{"@type":"SearchAction","target":{"@type":"EntryPoint","urlTemplate":"https:\/\/www.escapade-norvegienne.com\/en\/?s={search_term_string}"},"query-input":{"@type":"PropertyValueSpecification","valueRequired":true,"valueName":"search_term_string"}}],"inLanguage":"en-US"},{"@type":"Organization","@id":"https:\/\/www.escapade-norvegienne.com\/en\/#organization","name":"Escapade Norvegienne","url":"https:\/\/www.escapade-norvegienne.com\/en\/","logo":{"@type":"ImageObject","inLanguage":"en-US","@id":"https:\/\/www.escapade-norvegienne.com\/en\/#\/schema\/logo\/image\/","url":"https:\/\/www.escapade-norvegienne.com\/wp-content\/uploads\/2023\/04\/logo-site2.png","contentUrl":"https:\/\/www.escapade-norvegienne.com\/wp-content\/uploads\/2023\/04\/logo-site2.png","width":595,"height":212,"caption":"Escapade Norvegienne"},"image":{"@id":"https:\/\/www.escapade-norvegienne.com\/en\/#\/schema\/logo\/image\/"},"sameAs":["https:\/\/www.facebook.com\/escapade.norvegienne","https:\/\/www.instagram.com\/escapade_norvegienne\/"]}]}},"_links":{"self":[{"href":"https:\/\/www.escapade-norvegienne.com\/en\/wp-json\/wp\/v2\/pages\/18856","targetHints":{"allow":["GET"]}}],"collection":[{"href":"https:\/\/www.escapade-norvegienne.com\/en\/wp-json\/wp\/v2\/pages"}],"about":[{"href":"https:\/\/www.escapade-norvegienne.com\/en\/wp-json\/wp\/v2\/types\/page"}],"author":[{"embeddable":true,"href":"https:\/\/www.escapade-norvegienne.com\/en\/wp-json\/wp\/v2\/users\/1"}],"replies":[{"embeddable":true,"href":"https:\/\/www.escapade-norvegienne.com\/en\/wp-json\/wp\/v2\/comments?post=18856"}],"version-history":[{"count":10,"href":"https:\/\/www.escapade-norvegienne.com\/en\/wp-json\/wp\/v2\/pages\/18856\/revisions"}],"predecessor-version":[{"id":22932,"href":"https:\/\/www.escapade-norvegienne.com\/en\/wp-json\/wp\/v2\/pages\/18856\/revisions\/22932"}],"wp:attachment":[{"href":"https:\/\/www.escapade-norvegienne.com\/en\/wp-json\/wp\/v2\/media?parent=18856"}],"curies":[{"name":"wp","href":"https:\/\/api.w.org\/{rel}","templated":true}]}}