{"id":24119,"date":"2023-10-30T12:04:34","date_gmt":"2023-10-30T11:04:34","guid":{"rendered":"https:\/\/www.escapade-norvegienne.com\/contact-informations\/"},"modified":"2025-12-17T10:09:33","modified_gmt":"2025-12-17T09:09:33","slug":"kontakt-og-informasjon","status":"publish","type":"page","link":"https:\/\/www.escapade-norvegienne.com\/no\/kontakt-og-informasjon\/","title":{"rendered":"Kontakt og informasjon"},"content":{"rendered":"\t\t<div data-elementor-type=\"wp-page\" data-elementor-id=\"24119\" class=\"elementor elementor-24119 elementor-8557\" data-elementor-post-type=\"page\">\n\t\t\t\t\t\t<section class=\"elementor-section elementor-top-section elementor-element elementor-element-425e9c7b elementor-section-stretched elementor-section-height-min-height elementor-reverse-mobile elementor-section-boxed elementor-section-height-default elementor-section-items-middle\" data-id=\"425e9c7b\" data-element_type=\"section\" data-settings=\"{&quot;stretch_section&quot;:&quot;section-stretched&quot;,&quot;background_background&quot;:&quot;classic&quot;,&quot;ekit_has_onepagescroll_dot&quot;:&quot;yes&quot;}\">\n\t\t\t\t\t\t<div class=\"elementor-container elementor-column-gap-default\">\n\t\t\t\t\t<div class=\"elementor-column elementor-col-100 elementor-top-column elementor-element elementor-element-6b2dcd10\" data-id=\"6b2dcd10\" data-element_type=\"column\" data-settings=\"{&quot;background_background&quot;:&quot;classic&quot;}\">\n\t\t\t<div class=\"elementor-widget-wrap elementor-element-populated\">\n\t\t\t\t\t\t<div class=\"elementor-element elementor-element-2405a235 elementor-widget elementor-widget-heading\" data-id=\"2405a235\" data-element_type=\"widget\" data-settings=\"{&quot;ekit_we_effect_on&quot;:&quot;none&quot;}\" data-widget_type=\"heading.default\">\n\t\t\t\t<div class=\"elementor-widget-container\">\n\t\t\t\t\t<h1 class=\"elementor-heading-title elementor-size-default\">Kontakt og informasjon<\/h1>\t\t\t\t<\/div>\n\t\t\t\t<\/div>\n\t\t\t\t\t<\/div>\n\t\t<\/div>\n\t\t\t\t\t<\/div>\n\t\t<\/section>\n\t\t\t\t<section class=\"elementor-section elementor-top-section elementor-element elementor-element-31d056c elementor-section-content-middle elementor-section-full_width elementor-section-height-min-height elementor-section-items-stretch elementor-section-height-default\" data-id=\"31d056c\" data-element_type=\"section\" data-settings=\"{&quot;ekit_has_onepagescroll_dot&quot;:&quot;yes&quot;}\">\n\t\t\t\t\t\t<div class=\"elementor-container elementor-column-gap-no\">\n\t\t\t\t\t<div class=\"elementor-column elementor-col-50 elementor-top-column elementor-element elementor-element-d90cdab\" data-id=\"d90cdab\" data-element_type=\"column\" data-settings=\"{&quot;background_background&quot;:&quot;classic&quot;}\">\n\t\t\t<div class=\"elementor-widget-wrap elementor-element-populated\">\n\t\t\t\t\t\t<div class=\"elementor-element elementor-element-6918817e elementor-widget elementor-widget-heading\" data-id=\"6918817e\" data-element_type=\"widget\" data-settings=\"{&quot;ekit_we_effect_on&quot;:&quot;none&quot;}\" data-widget_type=\"heading.default\">\n\t\t\t\t<div class=\"elementor-widget-container\">\n\t\t\t\t\t<h1 class=\"elementor-heading-title elementor-size-default\">Kontakt <\/h1>\t\t\t\t<\/div>\n\t\t\t\t<\/div>\n\t\t\t\t<div class=\"elementor-element elementor-element-56898d32 elementor-widget elementor-widget-text-editor\" data-id=\"56898d32\" data-element_type=\"widget\" data-settings=\"{&quot;ekit_we_effect_on&quot;:&quot;none&quot;}\" data-widget_type=\"text-editor.default\">\n\t\t\t\t<div class=\"elementor-widget-container\">\n\t\t\t\t\t\t\t\t\t<p>Vi vil gjerne gi deg mer informasjon.<br \/>Ikke n\u00f8l med \u00e5 kontakte oss ved \u00e5 bruke detaljene nedenfor.<\/p>\t\t\t\t\t\t\t\t<\/div>\n\t\t\t\t<\/div>\n\t\t\t\t<div class=\"elementor-element elementor-element-7e8baf3f elementor-widget elementor-widget-heading\" data-id=\"7e8baf3f\" data-element_type=\"widget\" data-settings=\"{&quot;ekit_we_effect_on&quot;:&quot;none&quot;}\" data-widget_type=\"heading.default\">\n\t\t\t\t<div class=\"elementor-widget-container\">\n\t\t\t\t\t<h4 class=\"elementor-heading-title elementor-size-default\">Ta kontakt med oss<\/h4>\t\t\t\t<\/div>\n\t\t\t\t<\/div>\n\t\t\t\t<div class=\"elementor-element elementor-element-c26778b elementor-align-left elementor-icon-list--layout-traditional elementor-list-item-link-full_width elementor-widget elementor-widget-global elementor-global-9876 elementor-widget-icon-list\" data-id=\"c26778b\" data-element_type=\"widget\" data-settings=\"{&quot;ekit_we_effect_on&quot;:&quot;none&quot;}\" data-widget_type=\"icon-list.default\">\n\t\t\t\t<div class=\"elementor-widget-container\">\n\t\t\t\t\t\t\t<ul class=\"elementor-icon-list-items\">\n\t\t\t\t\t\t\t<li class=\"elementor-icon-list-item\">\n\t\t\t\t\t\t\t\t\t\t\t<a href=\"tel:+4797418085\">\n\n\t\t\t\t\t\t\t\t\t\t\t<span class=\"elementor-icon-list-text\">T\u00e9l. : +47 97 41 80 85 <\/span>\n\t\t\t\t\t\t\t\t\t\t\t<\/a>\n\t\t\t\t\t\t\t\t\t<\/li>\n\t\t\t\t\t\t\t\t<li class=\"elementor-icon-list-item\">\n\t\t\t\t\t\t\t\t\t\t\t<a href=\"tel:+4797028385\">\n\n\t\t\t\t\t\t\t\t\t\t\t<span class=\"elementor-icon-list-text\">T\u00e9l. : 47 97 02 83 85<\/span>\n\t\t\t\t\t\t\t\t\t\t\t<\/a>\n\t\t\t\t\t\t\t\t\t<\/li>\n\t\t\t\t\t\t\t\t<li class=\"elementor-icon-list-item\">\n\t\t\t\t\t\t\t\t\t\t\t<a href=\"mailto:contact@escapade-norvegienne.com\">\n\n\t\t\t\t\t\t\t\t\t\t\t<span class=\"elementor-icon-list-text\">contact@escapade-norvegienne.com<\/span>\n\t\t\t\t\t\t\t\t\t\t\t<\/a>\n\t\t\t\t\t\t\t\t\t<\/li>\n\t\t\t\t\t\t<\/ul>\n\t\t\t\t\t\t<\/div>\n\t\t\t\t<\/div>\n\t\t\t\t\t<\/div>\n\t\t<\/div>\n\t\t\t\t<div class=\"elementor-column elementor-col-50 elementor-top-column elementor-element elementor-element-16d89109\" data-id=\"16d89109\" data-element_type=\"column\" data-settings=\"{&quot;background_background&quot;:&quot;classic&quot;}\">\n\t\t\t<div class=\"elementor-widget-wrap elementor-element-populated\">\n\t\t\t\t\t\t<div class=\"elementor-element elementor-element-35913627 elementor-widget elementor-widget-text-editor\" data-id=\"35913627\" data-element_type=\"widget\" data-settings=\"{&quot;ekit_we_effect_on&quot;:&quot;none&quot;}\" data-widget_type=\"text-editor.default\">\n\t\t\t\t<div class=\"elementor-widget-container\">\n\t\t\t\t\t\t\t\t\t<p>Fyll ut skjemaet nedenfor, s\u00e5 kontakter vi deg s\u00e5 snart som mulig!<\/p>\t\t\t\t\t\t\t\t<\/div>\n\t\t\t\t<\/div>\n\t\t\t\t<div class=\"elementor-element elementor-element-10fc35fe elementor-button-align-center elementor-widget elementor-widget-form\" data-id=\"10fc35fe\" data-element_type=\"widget\" data-settings=\"{&quot;step_next_label&quot;:&quot;Next&quot;,&quot;step_previous_label&quot;:&quot;Previous&quot;,&quot;button_width_tablet&quot;:&quot;100&quot;,&quot;button_width&quot;:&quot;100&quot;,&quot;step_type&quot;:&quot;number_text&quot;,&quot;step_icon_shape&quot;:&quot;circle&quot;,&quot;ekit_we_effect_on&quot;:&quot;none&quot;}\" data-widget_type=\"form.default\">\n\t\t\t\t<div class=\"elementor-widget-container\">\n\t\t\t\t\t\t\t<form class=\"elementor-form\" method=\"post\" name=\"Contact Form\">\n\t\t\t<input type=\"hidden\" name=\"post_id\" value=\"24119\"\/>\n\t\t\t<input type=\"hidden\" name=\"form_id\" value=\"10fc35fe\"\/>\n\t\t\t<input type=\"hidden\" name=\"referer_title\" value=\"Kontakt og informasjon - Escapade Norvegienne\" \/>\n\n\t\t\t\t\t\t\t<input type=\"hidden\" name=\"queried_id\" value=\"24119\"\/>\n\t\t\t\n\t\t\t<div class=\"elementor-form-fields-wrapper elementor-labels-\">\n\t\t\t\t\t\t\t\t<div class=\"elementor-field-type-text elementor-field-group elementor-column elementor-field-group-name elementor-col-50 elementor-field-required\">\n\t\t\t\t\t\t\t\t\t\t\t\t<label for=\"form-field-name\" class=\"elementor-field-label elementor-screen-only\">\n\t\t\t\t\t\t\t\tDitt navn\t\t\t\t\t\t\t<\/label>\n\t\t\t\t\t\t\t\t\t\t\t\t\t\t<input size=\"1\" type=\"text\" name=\"form_fields[name]\" id=\"form-field-name\" class=\"elementor-field elementor-size-md  elementor-field-textual\" placeholder=\"Ditt navn\" required=\"required\">\n\t\t\t\t\t\t\t\t\t\t\t<\/div>\n\t\t\t\t\t\t\t\t<div class=\"elementor-field-type-email elementor-field-group elementor-column elementor-field-group-email elementor-col-50 elementor-md-50 elementor-field-required\">\n\t\t\t\t\t\t\t\t\t\t\t\t<label for=\"form-field-email\" class=\"elementor-field-label elementor-screen-only\">\n\t\t\t\t\t\t\t\tDin e-post\t\t\t\t\t\t\t<\/label>\n\t\t\t\t\t\t\t\t\t\t\t\t\t\t<input size=\"1\" type=\"email\" name=\"form_fields[email]\" id=\"form-field-email\" class=\"elementor-field elementor-size-md  elementor-field-textual\" placeholder=\"Din e-post\" required=\"required\">\n\t\t\t\t\t\t\t\t\t\t\t<\/div>\n\t\t\t\t\t\t\t\t<div class=\"elementor-field-type-hulk_epfitf_telephone elementor-field-group elementor-column elementor-field-group-field_5057311 elementor-col-50 elementor-md-50 elementor-field-required\">\n\t\t\t\t\t\t\t\t\t\t\t\t<label for=\"form-field-field_5057311\" class=\"elementor-field-label elementor-screen-only\">\n\t\t\t\t\t\t\t\tTelefonnummeret ditt\t\t\t\t\t\t\t<\/label>\n\t\t\t\t\t\t<div\n\tclass=\"hulk_epfitf_telephone_wrap elementor-repeater-item-5057311\"\n\tdata-settings='{\"_id\":\"5057311\",\"id\":\"form-field-field_5057311\",\"custom_id\":\"field_5057311\",\"name\":\"form_fields[field_5057311]\",\"class\":\"elementor-field elementor-size-md elementor-field-textual\",\"value\":\"\",\"required\":true,\"placeholder\":\"Telefon\",\"initialCountry\":\"no\",\"onlyCountries\":[],\"excludeCountries\":[],\"countryOrder\":[],\"nationalMode\":true,\"strictMode\":true,\"enableValidation\":true}'\n\tdata-id=\"5057311\"\n>\n\t<input\n\t\ttype=\"text\"\n\t\taria-label=\"international telephone number\"\n\t\tid=\"form-field-field_5057311\"\n\t\tname=\"form_fields[field_5057311]\"\n\t\tclass=\"elementor-field elementor-size-md  elementor-field-textual\"\n\t\tvalue=\"\"\n\t\tplaceholder=\"Telefon\"\n\t>\n<\/div>\n\t\t\t\t<\/div>\n\t\t\t\t\t\t\t\t<div class=\"elementor-field-type-select elementor-field-group elementor-column elementor-field-group-field_d6c1e2e elementor-col-50 elementor-md-50 elementor-field-required\">\n\t\t\t\t\t\t\t\t\t\t\t\t<label for=\"form-field-field_d6c1e2e\" class=\"elementor-field-label elementor-screen-only\">\n\t\t\t\t\t\t\t\tService Type\t\t\t\t\t\t\t<\/label>\n\t\t\t\t\t\t\t\t<div class=\"elementor-field elementor-select-wrapper remove-before \">\n\t\t\t<div class=\"select-caret-down-wrapper\">\n\t\t\t\t<i aria-hidden=\"true\" class=\"eicon-caret-down\"><\/i>\t\t\t<\/div>\n\t\t\t<select name=\"form_fields[field_d6c1e2e]\" id=\"form-field-field_d6c1e2e\" class=\"elementor-field-textual elementor-size-md\" required=\"required\">\n\t\t\t\t\t\t\t\t\t<option value=\"OPPHOLD\">OPPHOLD<\/option>\n\t\t\t\t\t\t\t\t\t<option value=\"Fiskeopphold\">Fiskeopphold<\/option>\n\t\t\t\t\t\t\t\t\t<option value=\"Jaktopphold\">Jaktopphold<\/option>\n\t\t\t\t\t\t\t\t\t<option value=\"Hundesledeopphold\">Hundesledeopphold<\/option>\n\t\t\t\t\t\t\t\t\t<option value=\"Fotosafariopphold\">Fotosafariopphold<\/option>\n\t\t\t\t\t\t\t\t\t<option value=\"Kanoopphold\">Kanoopphold<\/option>\n\t\t\t\t\t\t\t\t\t<option value=\"Gastronomiopphold\">Gastronomiopphold<\/option>\n\t\t\t\t\t\t\t<\/select>\n\t\t<\/div>\n\t\t\t\t\t\t<\/div>\n\t\t\t\t\t\t\t\t<div class=\"elementor-field-type-textarea elementor-field-group elementor-column elementor-field-group-field_71766c7 elementor-col-100\">\n\t\t\t\t\t\t\t\t\t\t\t\t<label for=\"form-field-field_71766c7\" class=\"elementor-field-label elementor-screen-only\">\n\t\t\t\t\t\t\t\tBeskjed\t\t\t\t\t\t\t<\/label>\n\t\t\t\t\t\t<textarea class=\"elementor-field-textual elementor-field  elementor-size-md\" name=\"form_fields[field_71766c7]\" id=\"form-field-field_71766c7\" rows=\"4\" placeholder=\"Beskjed\"><\/textarea>\t\t\t\t<\/div>\n\t\t\t\t\t\t\t\t<div class=\"elementor-field-type-acceptance elementor-field-group elementor-column elementor-field-group-field_5fb5444 elementor-col-100\">\n\t\t\t\t\t\t\t\t\t\t\t\t<label for=\"form-field-field_5fb5444\" class=\"elementor-field-label elementor-screen-only\">\n\t\t\t\t\t\t\t\tMessage\t\t\t\t\t\t\t<\/label>\n\t\t\t\t\t\t\t\t<div class=\"elementor-field-subgroup\">\n\t\t\t<span class=\"elementor-field-option\">\n\t\t\t\t<input type=\"checkbox\" name=\"form_fields[field_5fb5444]\" id=\"form-field-field_5fb5444\" class=\"elementor-field elementor-size-md  elementor-acceptance-field\">\n\t\t\t\t<label for=\"form-field-field_5fb5444\">Ved \u00e5 huke av denne boksen og sende inn dette skjemaet, godtar jeg at mine personopplysninger brukes til \u00e5 kontakte meg i forbindelse med min foresp\u00f8rsel angitt p\u00e5 dette skjemaet. Ingen annen behandling vil bli utf\u00f8rt med mine opplysninger. Se v\u00e5r <a href=\"\/politique-de-confidentialite\/\">personvernerkl\u00e6ring.<\/a><\/label>\t\t\t<\/span>\n\t\t<\/div>\n\t\t\t\t\t\t<\/div>\n\t\t\t\t\t\t\t\t<div class=\"elementor-field-type-recaptcha_v3 elementor-field-group elementor-column elementor-field-group-field_cf7de4c elementor-col-100 recaptcha_v3-bottomright\">\n\t\t\t\t\t<div class=\"elementor-field\" id=\"form-field-field_cf7de4c\"><div class=\"elementor-g-recaptcha\" data-sitekey=\"6LfhFkklAAAAAKOzfxYORIbU71LfB_YS3PN0hrgP\" data-type=\"v3\" data-action=\"Form\" data-badge=\"bottomright\" data-size=\"invisible\"><\/div><\/div>\t\t\t\t<\/div>\n\t\t\t\t\t\t\t\t<div class=\"elementor-field-group elementor-column elementor-field-type-submit elementor-col-100 e-form__buttons elementor-md-100\">\n\t\t\t\t\t<button class=\"elementor-button elementor-size-md\" type=\"submit\">\n\t\t\t\t\t\t<span class=\"elementor-button-content-wrapper\">\n\t\t\t\t\t\t\t\t\t\t\t\t\t\t\t\t\t\t\t\t\t\t<span class=\"elementor-button-text\">SEND<\/span>\n\t\t\t\t\t\t\t\t\t\t\t\t\t<\/span>\n\t\t\t\t\t<\/button>\n\t\t\t\t<\/div>\n\t\t\t<\/div>\n\t\t<\/form>\n\t\t\t\t\t\t<\/div>\n\t\t\t\t<\/div>\n\t\t\t\t\t<\/div>\n\t\t<\/div>\n\t\t\t\t\t<\/div>\n\t\t<\/section>\n\t\t\t\t<section class=\"elementor-section elementor-top-section elementor-element elementor-element-7b3886a elementor-section-content-middle elementor-section-full_width elementor-section-height-min-height elementor-section-items-stretch elementor-section-height-default\" data-id=\"7b3886a\" data-element_type=\"section\" data-settings=\"{&quot;ekit_has_onepagescroll_dot&quot;:&quot;yes&quot;}\">\n\t\t\t\t\t\t<div class=\"elementor-container elementor-column-gap-no\">\n\t\t\t\t\t<div class=\"elementor-column elementor-col-50 elementor-top-column elementor-element elementor-element-dff85b8\" data-id=\"dff85b8\" data-element_type=\"column\" data-settings=\"{&quot;background_background&quot;:&quot;classic&quot;}\">\n\t\t\t<div class=\"elementor-widget-wrap elementor-element-populated\">\n\t\t\t\t\t\t<div class=\"elementor-element elementor-element-5b720ffd elementor-widget elementor-widget-heading\" data-id=\"5b720ffd\" data-element_type=\"widget\" data-settings=\"{&quot;ekit_we_effect_on&quot;:&quot;none&quot;}\" data-widget_type=\"heading.default\">\n\t\t\t\t<div class=\"elementor-widget-container\">\n\t\t\t\t\t<h2 class=\"elementor-heading-title elementor-size-default\">Bes\u00f8k oss<\/h2>\t\t\t\t<\/div>\n\t\t\t\t<\/div>\n\t\t\t\t<div class=\"elementor-element elementor-element-63d21d27 elementor-widget elementor-widget-icon-box\" data-id=\"63d21d27\" data-element_type=\"widget\" data-settings=\"{&quot;ekit_we_effect_on&quot;:&quot;none&quot;}\" data-widget_type=\"icon-box.default\">\n\t\t\t\t<div class=\"elementor-widget-container\">\n\t\t\t\t\t\t\t<div class=\"elementor-icon-box-wrapper\">\n\n\t\t\t\n\t\t\t\t\t\t<div class=\"elementor-icon-box-content\">\n\n\t\t\t\t\t\t\t\t\t<h4 class=\"elementor-icon-box-title\">\n\t\t\t\t\t\t<span  >\n\t\t\t\t\t\t\tAdresse:\t\t\t\t\t\t<\/span>\n\t\t\t\t\t<\/h4>\n\t\t\t\t\n\t\t\t\t\t\t\t\t\t<p class=\"elementor-icon-box-description\">\n\t\t\t\t\t\tHodalsveien 1155<br>\n N-2540 Tolga (Norge)\t\t\t\t\t<\/p>\n\t\t\t\t\n\t\t\t<\/div>\n\t\t\t\n\t\t<\/div>\n\t\t\t\t\t\t<\/div>\n\t\t\t\t<\/div>\n\t\t\t\t\t<\/div>\n\t\t<\/div>\n\t\t\t\t<div class=\"elementor-column elementor-col-50 elementor-top-column elementor-element elementor-element-0f24c0b\" data-id=\"0f24c0b\" data-element_type=\"column\" data-settings=\"{&quot;background_background&quot;:&quot;classic&quot;}\">\n\t\t\t<div class=\"elementor-widget-wrap elementor-element-populated\">\n\t\t\t\t\t\t<div class=\"elementor-element elementor-element-6a3ac4c0 elementor-widget elementor-widget-google_maps\" data-id=\"6a3ac4c0\" data-element_type=\"widget\" data-settings=\"{&quot;ekit_we_effect_on&quot;:&quot;none&quot;}\" data-widget_type=\"google_maps.default\">\n\t\t\t\t<div class=\"elementor-widget-container\">\n\t\t\t\t\t\t\t<div class=\"elementor-custom-embed\">\n\t\t\t<iframe loading=\"lazy\"\n\t\t\t\t\tsrc=\"https:\/\/maps.google.com\/maps?q=Hodalsveien%201155%20.%20N-2540%20Tolga%20%28Norge%29&#038;t=m&#038;z=15&#038;output=embed&#038;iwloc=near\"\n\t\t\t\t\ttitle=\"Hodalsveien 1155 . N-2540 Tolga (Norge)\"\n\t\t\t\t\taria-label=\"Hodalsveien 1155 . N-2540 Tolga (Norge)\"\n\t\t\t><\/iframe>\n\t\t<\/div>\n\t\t\t\t\t\t<\/div>\n\t\t\t\t<\/div>\n\t\t\t\t\t<\/div>\n\t\t<\/div>\n\t\t\t\t\t<\/div>\n\t\t<\/section>\n\t\t\t\t<section class=\"elementor-section elementor-top-section elementor-element elementor-element-7206ebbe elementor-section-full_width elementor-reverse-mobile elementor-section-content-middle elementor-section-height-default elementor-section-height-default\" data-id=\"7206ebbe\" data-element_type=\"section\" data-settings=\"{&quot;ekit_has_onepagescroll_dot&quot;:&quot;yes&quot;}\">\n\t\t\t\t\t\t<div class=\"elementor-container elementor-column-gap-no\">\n\t\t\t\t\t<div class=\"elementor-column elementor-col-50 elementor-top-column elementor-element elementor-element-335ec946\" data-id=\"335ec946\" data-element_type=\"column\" data-settings=\"{&quot;background_background&quot;:&quot;classic&quot;}\">\n\t\t\t<div class=\"elementor-widget-wrap\">\n\t\t\t\t\t\t\t<\/div>\n\t\t<\/div>\n\t\t\t\t<div class=\"elementor-column elementor-col-50 elementor-top-column elementor-element elementor-element-310d38e1\" data-id=\"310d38e1\" data-element_type=\"column\">\n\t\t\t<div class=\"elementor-widget-wrap\">\n\t\t\t\t\t\t\t<\/div>\n\t\t<\/div>\n\t\t\t\t\t<\/div>\n\t\t<\/section>\n\t\t\t\t<\/div>\n\t\t","protected":false},"excerpt":{"rendered":"<p>Kontakt og informasjon Kontakt Vi vil gjerne gi deg mer informasjon.Ikke n\u00f8l med \u00e5 kontakte oss ved \u00e5 bruke detaljene nedenfor. Ta kontakt med oss T\u00e9l. : +47 97 41 80 85 T\u00e9l. : 47 97 02 83 85 contact@escapade-norvegienne.com Fyll ut skjemaet nedenfor, s\u00e5 kontakter vi deg s\u00e5 snart som mulig! Bes\u00f8k oss Adresse: [&hellip;]<\/p>\n","protected":false},"author":1,"featured_media":0,"parent":0,"menu_order":0,"comment_status":"closed","ping_status":"closed","template":"elementor_header_footer","meta":{"footnotes":""},"class_list":["post-24119","page","type-page","status-publish","hentry"],"yoast_head":"<!-- This site is optimized with the Yoast SEO plugin v26.6 - https:\/\/yoast.com\/wordpress\/plugins\/seo\/ -->\n<title>Kontakt og informasjon - Escapade Norvegienne<\/title>\n<meta name=\"description\" content=\"Finn all n\u00f8dvendig informasjon for \u00e5 kontakte selskapet Escapade Norv\u00e9gienne: Telefon, adresse...\" \/>\n<meta name=\"robots\" content=\"index, follow, max-snippet:-1, max-image-preview:large, max-video-preview:-1\" \/>\n<link rel=\"canonical\" href=\"https:\/\/www.escapade-norvegienne.com\/no\/kontakt-og-informasjon\/\" \/>\n<meta property=\"og:locale\" content=\"nb_NO\" \/>\n<meta property=\"og:type\" content=\"article\" \/>\n<meta property=\"og:title\" content=\"Kontakt og informasjon - Escapade Norvegienne\" \/>\n<meta property=\"og:description\" content=\"Finn all n\u00f8dvendig informasjon for \u00e5 kontakte selskapet Escapade Norv\u00e9gienne: Telefon, adresse...\" \/>\n<meta property=\"og:url\" content=\"https:\/\/www.escapade-norvegienne.com\/no\/kontakt-og-informasjon\/\" \/>\n<meta property=\"og:site_name\" content=\"Escapade Norvegienne\" \/>\n<meta property=\"article:publisher\" content=\"https:\/\/www.facebook.com\/escapade.norvegienne\" \/>\n<meta property=\"article:modified_time\" content=\"2025-12-17T09:09:33+00:00\" \/>\n<meta name=\"twitter:card\" content=\"summary_large_image\" \/>\n<meta name=\"twitter:label1\" content=\"Ansl. lesetid\" \/>\n\t<meta name=\"twitter:data1\" content=\"1 minutt\" \/>\n<script type=\"application\/ld+json\" class=\"yoast-schema-graph\">{\"@context\":\"https:\/\/schema.org\",\"@graph\":[{\"@type\":[\"WebPage\",\"ContactPage\"],\"@id\":\"https:\/\/www.escapade-norvegienne.com\/no\/kontakt-og-informasjon\/\",\"url\":\"https:\/\/www.escapade-norvegienne.com\/no\/kontakt-og-informasjon\/\",\"name\":\"Kontakt og informasjon - Escapade Norvegienne\",\"isPartOf\":{\"@id\":\"https:\/\/www.escapade-norvegienne.com\/no\/#website\"},\"datePublished\":\"2023-10-30T11:04:34+00:00\",\"dateModified\":\"2025-12-17T09:09:33+00:00\",\"description\":\"Finn all n\u00f8dvendig informasjon for \u00e5 kontakte selskapet Escapade Norv\u00e9gienne: Telefon, adresse...\",\"breadcrumb\":{\"@id\":\"https:\/\/www.escapade-norvegienne.com\/no\/kontakt-og-informasjon\/#breadcrumb\"},\"inLanguage\":\"nb-NO\",\"potentialAction\":[{\"@type\":\"ReadAction\",\"target\":[\"https:\/\/www.escapade-norvegienne.com\/no\/kontakt-og-informasjon\/\"]}]},{\"@type\":\"BreadcrumbList\",\"@id\":\"https:\/\/www.escapade-norvegienne.com\/no\/kontakt-og-informasjon\/#breadcrumb\",\"itemListElement\":[{\"@type\":\"ListItem\",\"position\":1,\"name\":\"Accueil\",\"item\":\"https:\/\/www.escapade-norvegienne.com\/no\/accueil\/\"},{\"@type\":\"ListItem\",\"position\":2,\"name\":\"Kontakt og informasjon\"}]},{\"@type\":\"WebSite\",\"@id\":\"https:\/\/www.escapade-norvegienne.com\/no\/#website\",\"url\":\"https:\/\/www.escapade-norvegienne.com\/no\/\",\"name\":\"Escapade Norvegienne\",\"description\":\"Your nature | Holiday | In Norway\",\"publisher\":{\"@id\":\"https:\/\/www.escapade-norvegienne.com\/no\/#organization\"},\"potentialAction\":[{\"@type\":\"SearchAction\",\"target\":{\"@type\":\"EntryPoint\",\"urlTemplate\":\"https:\/\/www.escapade-norvegienne.com\/no\/?s={search_term_string}\"},\"query-input\":{\"@type\":\"PropertyValueSpecification\",\"valueRequired\":true,\"valueName\":\"search_term_string\"}}],\"inLanguage\":\"nb-NO\"},{\"@type\":\"Organization\",\"@id\":\"https:\/\/www.escapade-norvegienne.com\/no\/#organization\",\"name\":\"Escapade Norvegienne\",\"url\":\"https:\/\/www.escapade-norvegienne.com\/no\/\",\"logo\":{\"@type\":\"ImageObject\",\"inLanguage\":\"nb-NO\",\"@id\":\"https:\/\/www.escapade-norvegienne.com\/no\/#\/schema\/logo\/image\/\",\"url\":\"https:\/\/www.escapade-norvegienne.com\/wp-content\/uploads\/2023\/04\/logo-site2.png\",\"contentUrl\":\"https:\/\/www.escapade-norvegienne.com\/wp-content\/uploads\/2023\/04\/logo-site2.png\",\"width\":595,\"height\":212,\"caption\":\"Escapade Norvegienne\"},\"image\":{\"@id\":\"https:\/\/www.escapade-norvegienne.com\/no\/#\/schema\/logo\/image\/\"},\"sameAs\":[\"https:\/\/www.facebook.com\/escapade.norvegienne\",\"https:\/\/www.instagram.com\/escapade_norvegienne\/\"]}]}<\/script>\n<!-- \/ Yoast SEO plugin. -->","yoast_head_json":{"title":"Kontakt og informasjon - Escapade Norvegienne","description":"Finn all n\u00f8dvendig informasjon for \u00e5 kontakte selskapet Escapade Norv\u00e9gienne: Telefon, adresse...","robots":{"index":"index","follow":"follow","max-snippet":"max-snippet:-1","max-image-preview":"max-image-preview:large","max-video-preview":"max-video-preview:-1"},"canonical":"https:\/\/www.escapade-norvegienne.com\/no\/kontakt-og-informasjon\/","og_locale":"nb_NO","og_type":"article","og_title":"Kontakt og informasjon - Escapade Norvegienne","og_description":"Finn all n\u00f8dvendig informasjon for \u00e5 kontakte selskapet Escapade Norv\u00e9gienne: Telefon, adresse...","og_url":"https:\/\/www.escapade-norvegienne.com\/no\/kontakt-og-informasjon\/","og_site_name":"Escapade Norvegienne","article_publisher":"https:\/\/www.facebook.com\/escapade.norvegienne","article_modified_time":"2025-12-17T09:09:33+00:00","twitter_card":"summary_large_image","twitter_misc":{"Ansl. lesetid":"1 minutt"},"schema":{"@context":"https:\/\/schema.org","@graph":[{"@type":["WebPage","ContactPage"],"@id":"https:\/\/www.escapade-norvegienne.com\/no\/kontakt-og-informasjon\/","url":"https:\/\/www.escapade-norvegienne.com\/no\/kontakt-og-informasjon\/","name":"Kontakt og informasjon - Escapade Norvegienne","isPartOf":{"@id":"https:\/\/www.escapade-norvegienne.com\/no\/#website"},"datePublished":"2023-10-30T11:04:34+00:00","dateModified":"2025-12-17T09:09:33+00:00","description":"Finn all n\u00f8dvendig informasjon for \u00e5 kontakte selskapet Escapade Norv\u00e9gienne: Telefon, adresse...","breadcrumb":{"@id":"https:\/\/www.escapade-norvegienne.com\/no\/kontakt-og-informasjon\/#breadcrumb"},"inLanguage":"nb-NO","potentialAction":[{"@type":"ReadAction","target":["https:\/\/www.escapade-norvegienne.com\/no\/kontakt-og-informasjon\/"]}]},{"@type":"BreadcrumbList","@id":"https:\/\/www.escapade-norvegienne.com\/no\/kontakt-og-informasjon\/#breadcrumb","itemListElement":[{"@type":"ListItem","position":1,"name":"Accueil","item":"https:\/\/www.escapade-norvegienne.com\/no\/accueil\/"},{"@type":"ListItem","position":2,"name":"Kontakt og informasjon"}]},{"@type":"WebSite","@id":"https:\/\/www.escapade-norvegienne.com\/no\/#website","url":"https:\/\/www.escapade-norvegienne.com\/no\/","name":"Escapade Norvegienne","description":"Your nature | Holiday | In Norway","publisher":{"@id":"https:\/\/www.escapade-norvegienne.com\/no\/#organization"},"potentialAction":[{"@type":"SearchAction","target":{"@type":"EntryPoint","urlTemplate":"https:\/\/www.escapade-norvegienne.com\/no\/?s={search_term_string}"},"query-input":{"@type":"PropertyValueSpecification","valueRequired":true,"valueName":"search_term_string"}}],"inLanguage":"nb-NO"},{"@type":"Organization","@id":"https:\/\/www.escapade-norvegienne.com\/no\/#organization","name":"Escapade Norvegienne","url":"https:\/\/www.escapade-norvegienne.com\/no\/","logo":{"@type":"ImageObject","inLanguage":"nb-NO","@id":"https:\/\/www.escapade-norvegienne.com\/no\/#\/schema\/logo\/image\/","url":"https:\/\/www.escapade-norvegienne.com\/wp-content\/uploads\/2023\/04\/logo-site2.png","contentUrl":"https:\/\/www.escapade-norvegienne.com\/wp-content\/uploads\/2023\/04\/logo-site2.png","width":595,"height":212,"caption":"Escapade Norvegienne"},"image":{"@id":"https:\/\/www.escapade-norvegienne.com\/no\/#\/schema\/logo\/image\/"},"sameAs":["https:\/\/www.facebook.com\/escapade.norvegienne","https:\/\/www.instagram.com\/escapade_norvegienne\/"]}]}},"_links":{"self":[{"href":"https:\/\/www.escapade-norvegienne.com\/no\/wp-json\/wp\/v2\/pages\/24119","targetHints":{"allow":["GET"]}}],"collection":[{"href":"https:\/\/www.escapade-norvegienne.com\/no\/wp-json\/wp\/v2\/pages"}],"about":[{"href":"https:\/\/www.escapade-norvegienne.com\/no\/wp-json\/wp\/v2\/types\/page"}],"author":[{"embeddable":true,"href":"https:\/\/www.escapade-norvegienne.com\/no\/wp-json\/wp\/v2\/users\/1"}],"replies":[{"embeddable":true,"href":"https:\/\/www.escapade-norvegienne.com\/no\/wp-json\/wp\/v2\/comments?post=24119"}],"version-history":[{"count":19,"href":"https:\/\/www.escapade-norvegienne.com\/no\/wp-json\/wp\/v2\/pages\/24119\/revisions"}],"predecessor-version":[{"id":26172,"href":"https:\/\/www.escapade-norvegienne.com\/no\/wp-json\/wp\/v2\/pages\/24119\/revisions\/26172"}],"wp:attachment":[{"href":"https:\/\/www.escapade-norvegienne.com\/no\/wp-json\/wp\/v2\/media?parent=24119"}],"curies":[{"name":"wp","href":"https:\/\/api.w.org\/{rel}","templated":true}]}}