{"id":24172,"date":"2023-12-04T15:43:02","date_gmt":"2023-12-04T14:43:02","guid":{"rendered":"https:\/\/www.escapade-norvegienne.com\/mentions-legales\/"},"modified":"2024-11-18T17:57:57","modified_gmt":"2024-11-18T16:57:57","slug":"juridiske-merknader","status":"publish","type":"page","link":"https:\/\/www.escapade-norvegienne.com\/no\/juridiske-merknader\/","title":{"rendered":"Juridiske merknader"},"content":{"rendered":"\t\t<div data-elementor-type=\"wp-page\" data-elementor-id=\"24172\" class=\"elementor elementor-24172 elementor-14718\" data-elementor-post-type=\"page\">\n\t\t\t\t\t\t<section class=\"elementor-section elementor-top-section elementor-element elementor-element-47353e6 elementor-section-height-min-height elementor-section-boxed elementor-section-height-default elementor-section-items-middle\" data-id=\"47353e6\" data-element_type=\"section\" data-settings=\"{&quot;background_background&quot;:&quot;classic&quot;,&quot;ekit_has_onepagescroll_dot&quot;:&quot;yes&quot;}\">\n\t\t\t\t\t\t<div class=\"elementor-container elementor-column-gap-default\">\n\t\t\t\t\t<div class=\"elementor-column elementor-col-100 elementor-top-column elementor-element elementor-element-bf196ed\" data-id=\"bf196ed\" data-element_type=\"column\">\n\t\t\t<div class=\"elementor-widget-wrap\">\n\t\t\t\t\t\t\t<\/div>\n\t\t<\/div>\n\t\t\t\t\t<\/div>\n\t\t<\/section>\n\t\t\t\t<section class=\"elementor-section elementor-top-section elementor-element elementor-element-5171db39 elementor-section-boxed elementor-section-height-default elementor-section-height-default\" data-id=\"5171db39\" data-element_type=\"section\" data-settings=\"{&quot;ekit_has_onepagescroll_dot&quot;:&quot;yes&quot;}\">\n\t\t\t\t\t\t<div class=\"elementor-container elementor-column-gap-default\">\n\t\t\t\t\t<div class=\"elementor-column elementor-col-100 elementor-top-column elementor-element elementor-element-3d401000\" data-id=\"3d401000\" data-element_type=\"column\">\n\t\t\t<div class=\"elementor-widget-wrap elementor-element-populated\">\n\t\t\t\t\t\t<div class=\"elementor-element elementor-element-3bacdcd0 elementor-widget elementor-widget-text-editor\" data-id=\"3bacdcd0\" data-element_type=\"widget\" data-settings=\"{&quot;ekit_we_effect_on&quot;:&quot;none&quot;}\" data-widget_type=\"text-editor.default\">\n\t\t\t\t<div class=\"elementor-widget-container\">\n\t\t\t\t\t\t\t\t\t<p>JURIDISKE MERKNADER :<\/p><p><strong>1. Presentasjon av nettstedet:<\/strong><\/p><p>I samsvar med bestemmelsene i artikkel 6-III og 19 i lov nr. 2004-575 av 21. juni 2004 for tillit til den digitale \u00f8konomien, kjent som L.C.E.N., informerer vi brukere og bes\u00f8kende p\u00e5 nettstedet: <a href=\"https:\/\/www.escapade-norvegienne.com\/\">www.escapade-norvegienne.com<\/a> om f\u00f8lgende informasjon:<\/p><p>Juridisk informasjon:<\/p><p>Navn p\u00e5 selskapet: ESCAPADE NORVEGIENNE<br \/>Hodalsveien 1155, 2540 Tolga, Norge<br \/>Tlf: **[+47 97 41 80 85](tel:+4797418085)**<\/p><p>E-postadresse: <a href=\"mailto:contact@escapade-norvegienne.com\">contact@escapade-norvegienne.com<\/a><\/p><p>Nettstedets skaper er:<br \/>Clicainfo Web &amp; Print Agency<br \/>Publiseringsansvarlig er: Carthieux Robert<br \/>Kontakt publiseringsansvarlig: <a href=\"mailto:contact@clicainfo.com\">contact@clicainfo.com<\/a><br \/>Publiseringsansvarlig er en fysisk person<\/p><p>Webmaster er: Carthieux Robert<br \/>Kontakt Webmaster: <a href=\"mailto:contact@clicainfo.com\">contact@clicainfo.com<\/a><br \/>Nettstedets vert er: 1&amp;1 7, place de la Gare BP 70109 57201 Sarreguemines Cedex<\/p><p><strong>2. Beskrivelse av tjenestene som tilbys:<\/strong><\/p><p>Nettstedet <a href=\"https:\/\/www.escapade-norvegienne.com\">www.escapade-norvegienne.com<\/a>\u00a0 har som m\u00e5l \u00e5 gi informasjon om selskapets aktiviteter.<br \/>Nettstedseieren gj\u00f8r sitt beste for \u00e5 gi s\u00e5 n\u00f8yaktig informasjon som mulig p\u00e5 <a href=\"https:\/\/www.escapade-norvegienne.com\">www.escapade-norvegienne.com<\/a>(. Imidlertid kan han ikke holdes ansvarlig for utelatelser, un\u00f8yaktigheter og mangler i oppdateringen, enten de er for\u00e5rsaket av ham eller tredjeparts partnere som gir denne informasjonen.<br \/>All informasjon gitt p\u00e5 nettstedet <a href=\"https:\/\/www.escapade-norvegienne.com\">www.escapade-norvegienne.com<\/a> er kun veiledende, ikke utt\u00f8mmende, og kan endres. Den gis med forbehold om endringer siden den ble lagt ut.<\/p><p><strong>3. Intellektuell eiendom og forfalskninger:<\/strong><\/p><p>Nettstedseieren er eier av immaterielle rettigheter eller har bruksrettigheter til alle elementene som er tilgjengelige p\u00e5 nettstedet, inkludert tekster, bilder, grafikk, logoer, ikoner, lyder, programvare\u2026<br \/>Enhver reproduksjon, representasjon, modifisering, publisering, tilpasning av hele eller deler av elementene p\u00e5 nettstedet, uansett middel eller prosess som brukes, er forbudt uten skriftlig forh\u00e5ndsgodkjenning sendt til e-post: <a href=\"mailto:contact@clicainfo.com\">contact@clicainfo.com<\/a>.<br \/>Enhver uautorisert bruk av nettstedet eller noen av elementene det inneholder vil bli betraktet som en forfalskning og vil bli forfulgt i samsvar med bestemmelsene i artikkel L.335-2 og f\u00f8lgende i den franske koden for immaterielle rettigheter.<\/p><p><strong>4. Hypertekstlenker og informasjonskapsler:<\/strong><\/p><p>Nettstedet <a href=\"https:\/\/www.escapade-norvegienne.com\">www.escapade-norvegienne.com<\/a> inneholder en rekke hypertekstlenker til andre nettsteder (partnere, informasjon, etc.) satt opp med tillatelse fra nettstedseieren. Imidlertid har nettstedseieren ingen mulighet til \u00e5 sjekke innholdet p\u00e5 de bes\u00f8kte nettstedene og fraskriver seg derfor ethvert ansvar for eventuelle ulovlige innhold.<br \/>Brukeren informeres om at ett eller flere informasjonskapsler kan installeres automatisk p\u00e5 datamaskinen under hans bes\u00f8k p\u00e5 nettstedet <a href=\"https:\/\/www.escapade-norvegienne.com\">www.escapade-norvegienne.com<\/a>. En informasjonskapsel er en liten fil som ikke identifiserer brukeren, men som registrerer informasjon relatert til navigasjonen p\u00e5 en datamaskin p\u00e5 et nettsted. Dataene som oppn\u00e5s p\u00e5 denne m\u00e5ten er ment \u00e5 lette senere navigasjon p\u00e5 nettstedet, og er ogs\u00e5 ment \u00e5 tillate ulike m\u00e5l for bes\u00f8k.<\/p><p>Nettleserens innstilling tillater informasjon om tilstedev\u00e6relsen av informasjonskapsler og muligens, avvisning p\u00e5 den m\u00e5ten som er beskrevet p\u00e5 f\u00f8lgende adresse: www.cnil.fr<br \/>Avvisning av installasjon av en informasjonskapsel kan gj\u00f8re det umulig \u00e5 f\u00e5 tilgang til visse tjenester. Brukeren kan imidlertid konfigurere datamaskinen sin som f\u00f8lger for \u00e5 avvise installasjon av informasjonskapsler:<br \/>Under Internet Explorer: Verkt\u00f8y \/ Internett-alternativer. Klikk p\u00e5 Personvern og velg Blokker alle informasjonskapsler. Bekreft med OK.<br \/>Under Netscape: Rediger \/ Innstillinger. Klikk p\u00e5 Avansert og velg Deaktiver informasjonskapsler. Bekreft med OK.<\/p><p><strong>5. Beskyttelse av eiendom og personer \u2013 h\u00e5ndtering av personopplysninger:<\/strong><\/p><p>Bruker: Internett-bruker som kobler seg til og bruker det nevnte nettstedet: <a href=\"https:\/\/www.escapade-norvegienne.com\">www.escapade-norvegienne.com<\/a><br \/>I Frankrike er personopplysninger spesielt beskyttet av lov nr. 78-87 av 6. januar 1978, lov nr. 2004-801 av 6. august 2004, artikkel L. 226-13 i straffeloven og det europeiske direktivet av 24. oktober 1995.<br \/>P\u00e5 nettstedet\u00a0 <a href=\"https:\/\/www.escapade-norvegienne.com\">www.escapade-norvegienne.com<\/a> samler ikke nettstedseieren inn personlig informasjon om brukeren annet enn for behovet for visse tjenester som tilbys av nettstedet <a href=\"https:\/\/www.escapade-norvegienne.com\">www.escapade-norvegienne.com<\/a>. Brukeren gir denne informasjonen med full kjennskap til fakta, spesielt n\u00e5r han selv legger inn informasjonen. Det presiseres da for brukeren av nettstedet <a href=\"https:\/\/www.escapade-norvegienne.com\">www.escapade-norvegienne.com<\/a> om han er forpliktet til \u00e5 gi denne informasjonen eller ikke.<br \/>I samsvar med bestemmelsene i artikkel 38 og f\u00f8lgende i lov 78-17 av 6. januar 1978 om databehandling, filer og friheter, har enhver bruker rett til tilgang, retting, sletting og motstand mot personopplysninger som ang\u00e5r ham. For \u00e5 ut\u00f8ve denne rettigheten, send din foresp\u00f8rsel til <a href=\"https:\/\/www.escapade-norvegienne.com\">www.escapade-norvegienne.com<\/a> via e-post: webmasterens e-post eller ved \u00e5 sende en skriftlig og signert foresp\u00f8rsel, vedlagt en kopi av identitetsdokumentet med signatur av dokumentinnehaveren, med angivelse av adressen der svaret skal sendes.<\/p><p>Ingen personlig informasjon om brukeren av nettstedet <a href=\"https:\/\/www.escapade-norvegienne.com\">www.escapade-norvegienne.com<\/a> publiseres uten brukerens kunnskap, utveksles, overf\u00f8res, overdras eller selges p\u00e5 noe medium til tredjeparter. Bare i tilfelle oppkj\u00f8p av nettstedet <a href=\"https:\/\/www.escapade-norvegienne.com\">www.escapade-norvegienne.com<\/a> og dets rettigheter tillater overf\u00f8ring av nevnte informasjon til den eventuelle kj\u00f8peren som ogs\u00e5 ville v\u00e6re bundet av den samme forpliktelsen til \u00e5 bevare og endre dataene med hensyn til brukeren av nettstedet <a href=\"https:\/\/www.escapade-norvegienne.com\">www.escapade-norvegienne.com<\/a>.<br \/>Nettstedet <a href=\"https:\/\/www.escapade-norvegienne.com\">www.escapade-norvegienne.com<\/a> er i samsvar med GDPR se v\u00e5r GDPR-policy #.<br \/>Databasene er beskyttet av bestemmelsene i loven av 1. juli 1998 som implementerer direktiv 96\/9 av 11. mars 1996 om juridisk beskyttelse av databaser.<\/p>\t\t\t\t\t\t\t\t<\/div>\n\t\t\t\t<\/div>\n\t\t\t\t\t<\/div>\n\t\t<\/div>\n\t\t\t\t\t<\/div>\n\t\t<\/section>\n\t\t\t\t<\/div>\n\t\t","protected":false},"excerpt":{"rendered":"<p>JURIDISKE MERKNADER : 1. Presentasjon av nettstedet: I samsvar med bestemmelsene i artikkel 6-III og 19 i lov nr. 2004-575 av 21. juni 2004 for tillit til den digitale \u00f8konomien, kjent som L.C.E.N., informerer vi brukere og bes\u00f8kende p\u00e5 nettstedet: www.escapade-norvegienne.com om f\u00f8lgende informasjon: Juridisk informasjon: Navn p\u00e5 selskapet: ESCAPADE NORVEGIENNEHodalsveien 1155, 2540 Tolga, NorgeTlf: [&hellip;]<\/p>\n","protected":false},"author":1,"featured_media":0,"parent":0,"menu_order":0,"comment_status":"closed","ping_status":"open","template":"elementor_header_footer","meta":{"footnotes":""},"class_list":["post-24172","page","type-page","status-publish","hentry"],"yoast_head":"<!-- This site is optimized with the Yoast SEO plugin v26.6 - https:\/\/yoast.com\/wordpress\/plugins\/seo\/ -->\n<title>Juridiske merknader - Escapade Norvegienne<\/title>\n<meta name=\"robots\" content=\"index, follow, max-snippet:-1, max-image-preview:large, max-video-preview:-1\" \/>\n<link rel=\"canonical\" href=\"https:\/\/www.escapade-norvegienne.com\/no\/juridiske-merknader\/\" \/>\n<meta property=\"og:locale\" content=\"nb_NO\" \/>\n<meta property=\"og:type\" content=\"article\" \/>\n<meta property=\"og:title\" content=\"Juridiske merknader - Escapade Norvegienne\" \/>\n<meta property=\"og:description\" content=\"JURIDISKE MERKNADER : 1. Presentasjon av nettstedet: I samsvar med bestemmelsene i artikkel 6-III og 19 i lov nr. 2004-575 av 21. juni 2004 for tillit til den digitale \u00f8konomien, kjent som L.C.E.N., informerer vi brukere og bes\u00f8kende p\u00e5 nettstedet: www.escapade-norvegienne.com om f\u00f8lgende informasjon: Juridisk informasjon: Navn p\u00e5 selskapet: ESCAPADE NORVEGIENNEHodalsveien 1155, 2540 Tolga, NorgeTlf: [&hellip;]\" \/>\n<meta property=\"og:url\" content=\"https:\/\/www.escapade-norvegienne.com\/no\/juridiske-merknader\/\" \/>\n<meta property=\"og:site_name\" content=\"Escapade Norvegienne\" \/>\n<meta property=\"article:publisher\" content=\"https:\/\/www.facebook.com\/escapade.norvegienne\" \/>\n<meta property=\"article:modified_time\" content=\"2024-11-18T16:57:57+00:00\" \/>\n<meta name=\"twitter:card\" content=\"summary_large_image\" \/>\n<meta name=\"twitter:label1\" content=\"Ansl. lesetid\" \/>\n\t<meta name=\"twitter:data1\" content=\"4 minutter\" \/>\n<script type=\"application\/ld+json\" class=\"yoast-schema-graph\">{\"@context\":\"https:\/\/schema.org\",\"@graph\":[{\"@type\":\"WebPage\",\"@id\":\"https:\/\/www.escapade-norvegienne.com\/no\/juridiske-merknader\/\",\"url\":\"https:\/\/www.escapade-norvegienne.com\/no\/juridiske-merknader\/\",\"name\":\"Juridiske merknader - Escapade Norvegienne\",\"isPartOf\":{\"@id\":\"https:\/\/www.escapade-norvegienne.com\/no\/#website\"},\"datePublished\":\"2023-12-04T14:43:02+00:00\",\"dateModified\":\"2024-11-18T16:57:57+00:00\",\"breadcrumb\":{\"@id\":\"https:\/\/www.escapade-norvegienne.com\/no\/juridiske-merknader\/#breadcrumb\"},\"inLanguage\":\"nb-NO\",\"potentialAction\":[{\"@type\":\"ReadAction\",\"target\":[\"https:\/\/www.escapade-norvegienne.com\/no\/juridiske-merknader\/\"]}]},{\"@type\":\"BreadcrumbList\",\"@id\":\"https:\/\/www.escapade-norvegienne.com\/no\/juridiske-merknader\/#breadcrumb\",\"itemListElement\":[{\"@type\":\"ListItem\",\"position\":1,\"name\":\"Accueil\",\"item\":\"https:\/\/www.escapade-norvegienne.com\/no\/accueil\/\"},{\"@type\":\"ListItem\",\"position\":2,\"name\":\"Juridiske merknader\"}]},{\"@type\":\"WebSite\",\"@id\":\"https:\/\/www.escapade-norvegienne.com\/no\/#website\",\"url\":\"https:\/\/www.escapade-norvegienne.com\/no\/\",\"name\":\"Escapade Norvegienne\",\"description\":\"Your nature | Holiday | In Norway\",\"publisher\":{\"@id\":\"https:\/\/www.escapade-norvegienne.com\/no\/#organization\"},\"potentialAction\":[{\"@type\":\"SearchAction\",\"target\":{\"@type\":\"EntryPoint\",\"urlTemplate\":\"https:\/\/www.escapade-norvegienne.com\/no\/?s={search_term_string}\"},\"query-input\":{\"@type\":\"PropertyValueSpecification\",\"valueRequired\":true,\"valueName\":\"search_term_string\"}}],\"inLanguage\":\"nb-NO\"},{\"@type\":\"Organization\",\"@id\":\"https:\/\/www.escapade-norvegienne.com\/no\/#organization\",\"name\":\"Escapade Norvegienne\",\"url\":\"https:\/\/www.escapade-norvegienne.com\/no\/\",\"logo\":{\"@type\":\"ImageObject\",\"inLanguage\":\"nb-NO\",\"@id\":\"https:\/\/www.escapade-norvegienne.com\/no\/#\/schema\/logo\/image\/\",\"url\":\"https:\/\/www.escapade-norvegienne.com\/wp-content\/uploads\/2023\/04\/logo-site2.png\",\"contentUrl\":\"https:\/\/www.escapade-norvegienne.com\/wp-content\/uploads\/2023\/04\/logo-site2.png\",\"width\":595,\"height\":212,\"caption\":\"Escapade Norvegienne\"},\"image\":{\"@id\":\"https:\/\/www.escapade-norvegienne.com\/no\/#\/schema\/logo\/image\/\"},\"sameAs\":[\"https:\/\/www.facebook.com\/escapade.norvegienne\",\"https:\/\/www.instagram.com\/escapade_norvegienne\/\"]}]}<\/script>\n<!-- \/ Yoast SEO plugin. -->","yoast_head_json":{"title":"Juridiske merknader - Escapade Norvegienne","robots":{"index":"index","follow":"follow","max-snippet":"max-snippet:-1","max-image-preview":"max-image-preview:large","max-video-preview":"max-video-preview:-1"},"canonical":"https:\/\/www.escapade-norvegienne.com\/no\/juridiske-merknader\/","og_locale":"nb_NO","og_type":"article","og_title":"Juridiske merknader - Escapade Norvegienne","og_description":"JURIDISKE MERKNADER : 1. Presentasjon av nettstedet: I samsvar med bestemmelsene i artikkel 6-III og 19 i lov nr. 2004-575 av 21. juni 2004 for tillit til den digitale \u00f8konomien, kjent som L.C.E.N., informerer vi brukere og bes\u00f8kende p\u00e5 nettstedet: www.escapade-norvegienne.com om f\u00f8lgende informasjon: Juridisk informasjon: Navn p\u00e5 selskapet: ESCAPADE NORVEGIENNEHodalsveien 1155, 2540 Tolga, NorgeTlf: [&hellip;]","og_url":"https:\/\/www.escapade-norvegienne.com\/no\/juridiske-merknader\/","og_site_name":"Escapade Norvegienne","article_publisher":"https:\/\/www.facebook.com\/escapade.norvegienne","article_modified_time":"2024-11-18T16:57:57+00:00","twitter_card":"summary_large_image","twitter_misc":{"Ansl. lesetid":"4 minutter"},"schema":{"@context":"https:\/\/schema.org","@graph":[{"@type":"WebPage","@id":"https:\/\/www.escapade-norvegienne.com\/no\/juridiske-merknader\/","url":"https:\/\/www.escapade-norvegienne.com\/no\/juridiske-merknader\/","name":"Juridiske merknader - Escapade Norvegienne","isPartOf":{"@id":"https:\/\/www.escapade-norvegienne.com\/no\/#website"},"datePublished":"2023-12-04T14:43:02+00:00","dateModified":"2024-11-18T16:57:57+00:00","breadcrumb":{"@id":"https:\/\/www.escapade-norvegienne.com\/no\/juridiske-merknader\/#breadcrumb"},"inLanguage":"nb-NO","potentialAction":[{"@type":"ReadAction","target":["https:\/\/www.escapade-norvegienne.com\/no\/juridiske-merknader\/"]}]},{"@type":"BreadcrumbList","@id":"https:\/\/www.escapade-norvegienne.com\/no\/juridiske-merknader\/#breadcrumb","itemListElement":[{"@type":"ListItem","position":1,"name":"Accueil","item":"https:\/\/www.escapade-norvegienne.com\/no\/accueil\/"},{"@type":"ListItem","position":2,"name":"Juridiske merknader"}]},{"@type":"WebSite","@id":"https:\/\/www.escapade-norvegienne.com\/no\/#website","url":"https:\/\/www.escapade-norvegienne.com\/no\/","name":"Escapade Norvegienne","description":"Your nature | Holiday | In Norway","publisher":{"@id":"https:\/\/www.escapade-norvegienne.com\/no\/#organization"},"potentialAction":[{"@type":"SearchAction","target":{"@type":"EntryPoint","urlTemplate":"https:\/\/www.escapade-norvegienne.com\/no\/?s={search_term_string}"},"query-input":{"@type":"PropertyValueSpecification","valueRequired":true,"valueName":"search_term_string"}}],"inLanguage":"nb-NO"},{"@type":"Organization","@id":"https:\/\/www.escapade-norvegienne.com\/no\/#organization","name":"Escapade Norvegienne","url":"https:\/\/www.escapade-norvegienne.com\/no\/","logo":{"@type":"ImageObject","inLanguage":"nb-NO","@id":"https:\/\/www.escapade-norvegienne.com\/no\/#\/schema\/logo\/image\/","url":"https:\/\/www.escapade-norvegienne.com\/wp-content\/uploads\/2023\/04\/logo-site2.png","contentUrl":"https:\/\/www.escapade-norvegienne.com\/wp-content\/uploads\/2023\/04\/logo-site2.png","width":595,"height":212,"caption":"Escapade Norvegienne"},"image":{"@id":"https:\/\/www.escapade-norvegienne.com\/no\/#\/schema\/logo\/image\/"},"sameAs":["https:\/\/www.facebook.com\/escapade.norvegienne","https:\/\/www.instagram.com\/escapade_norvegienne\/"]}]}},"_links":{"self":[{"href":"https:\/\/www.escapade-norvegienne.com\/no\/wp-json\/wp\/v2\/pages\/24172","targetHints":{"allow":["GET"]}}],"collection":[{"href":"https:\/\/www.escapade-norvegienne.com\/no\/wp-json\/wp\/v2\/pages"}],"about":[{"href":"https:\/\/www.escapade-norvegienne.com\/no\/wp-json\/wp\/v2\/types\/page"}],"author":[{"embeddable":true,"href":"https:\/\/www.escapade-norvegienne.com\/no\/wp-json\/wp\/v2\/users\/1"}],"replies":[{"embeddable":true,"href":"https:\/\/www.escapade-norvegienne.com\/no\/wp-json\/wp\/v2\/comments?post=24172"}],"version-history":[{"count":7,"href":"https:\/\/www.escapade-norvegienne.com\/no\/wp-json\/wp\/v2\/pages\/24172\/revisions"}],"predecessor-version":[{"id":24180,"href":"https:\/\/www.escapade-norvegienne.com\/no\/wp-json\/wp\/v2\/pages\/24172\/revisions\/24180"}],"wp:attachment":[{"href":"https:\/\/www.escapade-norvegienne.com\/no\/wp-json\/wp\/v2\/media?parent=24172"}],"curies":[{"name":"wp","href":"https:\/\/api.w.org\/{rel}","templated":true}]}}