{"id":24182,"date":"2023-03-30T07:46:50","date_gmt":"2023-03-30T05:46:50","guid":{"rendered":"https:\/\/www.escapade-norvegienne.com\/politique-de-confidentialite\/"},"modified":"2024-11-18T18:01:23","modified_gmt":"2024-11-18T17:01:23","slug":"personvernregler","status":"publish","type":"page","link":"https:\/\/www.escapade-norvegienne.com\/no\/personvernregler\/","title":{"rendered":"Personvernregler"},"content":{"rendered":"\t\t<div data-elementor-type=\"wp-page\" data-elementor-id=\"24182\" class=\"elementor elementor-24182 elementor-3\" data-elementor-post-type=\"page\">\n\t\t\t\t\t\t<section class=\"elementor-section elementor-top-section elementor-element elementor-element-47353e6 elementor-section-height-min-height elementor-section-boxed elementor-section-height-default elementor-section-items-middle\" data-id=\"47353e6\" data-element_type=\"section\" data-settings=\"{&quot;background_background&quot;:&quot;classic&quot;,&quot;ekit_has_onepagescroll_dot&quot;:&quot;yes&quot;}\">\n\t\t\t\t\t\t<div class=\"elementor-container elementor-column-gap-default\">\n\t\t\t\t\t<div class=\"elementor-column elementor-col-100 elementor-top-column elementor-element elementor-element-bf196ed\" data-id=\"bf196ed\" data-element_type=\"column\">\n\t\t\t<div class=\"elementor-widget-wrap\">\n\t\t\t\t\t\t\t<\/div>\n\t\t<\/div>\n\t\t\t\t\t<\/div>\n\t\t<\/section>\n\t\t\t\t<section class=\"elementor-section elementor-top-section elementor-element elementor-element-5171db39 elementor-section-boxed elementor-section-height-default elementor-section-height-default\" data-id=\"5171db39\" data-element_type=\"section\" data-settings=\"{&quot;ekit_has_onepagescroll_dot&quot;:&quot;yes&quot;}\">\n\t\t\t\t\t\t<div class=\"elementor-container elementor-column-gap-default\">\n\t\t\t\t\t<div class=\"elementor-column elementor-col-100 elementor-top-column elementor-element elementor-element-3d401000\" data-id=\"3d401000\" data-element_type=\"column\">\n\t\t\t<div class=\"elementor-widget-wrap elementor-element-populated\">\n\t\t\t\t\t\t<div class=\"elementor-element elementor-element-3bacdcd0 elementor-widget elementor-widget-text-editor\" data-id=\"3bacdcd0\" data-element_type=\"widget\" data-settings=\"{&quot;ekit_we_effect_on&quot;:&quot;none&quot;}\" data-widget_type=\"text-editor.default\">\n\t\t\t\t<div class=\"elementor-widget-container\">\n\t\t\t\t\t\t\t\t\t<h1><span style=\"color: #427f7f;\">Personvernregler<\/span><\/h1>\n<h2><span style=\"color: #427f7f;\">Hvem er vi?<\/span><\/h2>\n<p>Adresse til nettstedet v\u00e5rt er: https:\/\/www.escapade-norvegienne.com.<\/p>\n<h2><span style=\"color: #427f7f;\">Kommentarer<\/span><\/h2>\n<p>N\u00e5r du legger igjen en kommentar p\u00e5 nettstedet v\u00e5rt, samles dataene som er angitt i kommentarskjemaet, samt din IP-adresse og brukeragenten til nettleseren din, for \u00e5 hjelpe oss med \u00e5 oppdage u\u00f8nskede kommentarer.<\/p>\n<p>En anonymisert kjede opprettet fra e-postadressen din (ogs\u00e5 kalt hash) kan sendes til Gravatar-tjenesten for \u00e5 sjekke om du bruker den. Personvernklausulene for Gravatar-tjenesten er tilgjengelige her: https:\/\/automattic.com\/privacy\/. Etter godkjenning av kommentaren din, vil profilbildet ditt v\u00e6re offentlig synlig ved siden av kommentaren din.<\/p>\n<h2><span style=\"color: #427f7f;\">Medier<\/span><\/h2>\n<p>Hvis du laster opp bilder til nettstedet, b\u00f8r du unng\u00e5 \u00e5 laste opp bilder som inneholder GPS EXIF-data. Bes\u00f8kende p\u00e5 nettstedet kan laste ned og trekke ut lokasjonsdata fra disse bildene.<\/p>\n<h2><span style=\"color: #427f7f;\">Informasjonskapsler<\/span><\/h2>\n<p>Hvis du legger igjen en kommentar p\u00e5 nettstedet v\u00e5rt, vil du bli tilbudt \u00e5 lagre navnet ditt, e-postadressen din og nettstedet ditt i informasjonskapsler. Dette er kun for din bekvemmelighet, slik at du ikke trenger \u00e5 skrive inn denne informasjonen igjen hvis du legger igjen en annen kommentar senere. Disse informasjonskapslene utl\u00f8per etter ett \u00e5r.<\/p>\n<p>Hvis du g\u00e5r til innloggingssiden, vil en midlertidig informasjonskapsel bli opprettet for \u00e5 avgj\u00f8re om nettleseren din godtar informasjonskapsler. Den inneholder ingen personopplysninger og blir automatisk slettet n\u00e5r du lukker nettleseren din.<\/p>\n<p>N\u00e5r du logger inn, vil vi opprette en rekke informasjonskapsler for \u00e5 lagre innloggingsinformasjonen din og skjerminnstillingene dine. Levetiden til en informasjonskapsel for innlogging er to dager, mens en skjerminnstilling-informasjonskapsel varer i ett \u00e5r. Hvis du velger &laquo;Husk meg&raquo;, vil innloggingsinformasjonskapselen din bli bevart i to uker. Hvis du logger ut av kontoen din, vil innloggingsinformasjonskapselen bli slettet.<\/p>\n<p>N\u00e5r du endrer eller publiserer en artikkel, vil en ekstra informasjonskapsel bli lagret i nettleseren din. Denne informasjonskapselen inneholder ingen personopplysninger. Den indikerer ganske enkelt ID-en til artikkelen du nettopp redigerte. Den utl\u00f8per etter \u00e9n dag.<\/p>\n<h2><span style=\"color: #427f7f;\">Innebygd innhold fra andre nettsteder<\/span><\/h2>\n<p>Artikler p\u00e5 dette nettstedet kan inkludere innebygd innhold (for eksempel videoer, bilder, artikler&#8230;). Innebygd innhold fra andre nettsteder oppf\u00f8rer seg p\u00e5 samme m\u00e5te som om den bes\u00f8kende hadde bes\u00f8kt det andre nettstedet.<\/p>\n<p>Disse nettstedene kan samle inn data om deg, bruke informasjonskapsler, innebygge tredjepartssporingsverkt\u00f8y og overv\u00e5ke interaksjonen din med det innebygde innholdet hvis du har en konto og er logget inn p\u00e5 det nettstedet.<\/p>\n<h2><span style=\"color: #427f7f;\">Bruk og overf\u00f8ring av personopplysningene dine<\/span><\/h2>\n<p>Hvis du ber om tilbakestilling av passordet ditt, vil IP-adressen din bli inkludert i e-posten for tilbakestilling.<\/p>\n<h2><span style=\"color: #427f7f;\">Hvor lenge vi oppbevarer dine data<\/span><\/h2>\n<p>Hvis du legger igjen en kommentar, blir kommentaren og metadataene beholdt p\u00e5 ubestemt tid. Dette er slik at vi automatisk kan gjenkjenne og godkjenne eventuelle oppf\u00f8lgingskommentarer i stedet for \u00e5 holde dem i en modereringsk\u00f8.<\/p>\n<p>For brukere som registrerer seg p\u00e5 nettstedet v\u00e5rt (hvis aktuelt), lagrer vi ogs\u00e5 personopplysningene de oppgir i brukerprofilen sin. Alle brukere kan se, redigere eller slette sine personopplysninger n\u00e5r som helst (bortsett fra brukernavnet sitt). Nettstedsadministratorer kan ogs\u00e5 se og redigere denne informasjonen.<\/p>\n<h2><span style=\"color: #427f7f;\">Dine rettigheter over dine data<\/span><\/h2>\n<p>Hvis du har en konto, eller hvis du har lagt igjen kommentarer p\u00e5 nettstedet, kan du be om \u00e5 motta en eksportfil av personopplysningene vi har om deg, inkludert alle dataene du har gitt oss. Du kan ogs\u00e5 be om at vi sletter alle personopplysningene vi har om deg. Dette inkluderer ikke data vi er p\u00e5lagt \u00e5 beholde for administrative, juridiske eller sikkerhetsform\u00e5l.<\/p>\n<h2><span style=\"color: #427f7f;\">Hvor dine data sendes<\/span><\/h2>\n<p>Bes\u00f8kendes kommentarer kan kontrolleres gjennom en automatisert tjeneste for oppdagelse av s\u00f8ppelkommentarer.<\/p>\n\t\t\t\t\t\t\t\t<\/div>\n\t\t\t\t<\/div>\n\t\t\t\t\t<\/div>\n\t\t<\/div>\n\t\t\t\t\t<\/div>\n\t\t<\/section>\n\t\t\t\t<\/div>\n\t\t","protected":false},"excerpt":{"rendered":"<p>Personvernregler Hvem er vi? Adresse til nettstedet v\u00e5rt er: https:\/\/www.escapade-norvegienne.com. Kommentarer N\u00e5r du legger igjen en kommentar p\u00e5 nettstedet v\u00e5rt, samles dataene som er angitt i kommentarskjemaet, samt din IP-adresse og brukeragenten til nettleseren din, for \u00e5 hjelpe oss med \u00e5 oppdage u\u00f8nskede kommentarer. En anonymisert kjede opprettet fra e-postadressen din (ogs\u00e5 kalt hash) kan [&hellip;]<\/p>\n","protected":false},"author":1,"featured_media":0,"parent":0,"menu_order":0,"comment_status":"closed","ping_status":"open","template":"elementor_header_footer","meta":{"footnotes":""},"class_list":["post-24182","page","type-page","status-publish","hentry"],"yoast_head":"<!-- This site is optimized with the Yoast SEO plugin v26.6 - https:\/\/yoast.com\/wordpress\/plugins\/seo\/ -->\n<title>Personvernregler - Escapade Norvegienne<\/title>\n<meta name=\"robots\" content=\"index, follow, max-snippet:-1, max-image-preview:large, max-video-preview:-1\" \/>\n<link rel=\"canonical\" href=\"https:\/\/www.escapade-norvegienne.com\/no\/personvernregler\/\" \/>\n<meta property=\"og:locale\" content=\"nb_NO\" \/>\n<meta property=\"og:type\" content=\"article\" \/>\n<meta property=\"og:title\" content=\"Personvernregler - Escapade Norvegienne\" \/>\n<meta property=\"og:description\" content=\"Personvernregler Hvem er vi? Adresse til nettstedet v\u00e5rt er: https:\/\/www.escapade-norvegienne.com. Kommentarer N\u00e5r du legger igjen en kommentar p\u00e5 nettstedet v\u00e5rt, samles dataene som er angitt i kommentarskjemaet, samt din IP-adresse og brukeragenten til nettleseren din, for \u00e5 hjelpe oss med \u00e5 oppdage u\u00f8nskede kommentarer. En anonymisert kjede opprettet fra e-postadressen din (ogs\u00e5 kalt hash) kan [&hellip;]\" \/>\n<meta property=\"og:url\" content=\"https:\/\/www.escapade-norvegienne.com\/no\/personvernregler\/\" \/>\n<meta property=\"og:site_name\" content=\"Escapade Norvegienne\" \/>\n<meta property=\"article:publisher\" content=\"https:\/\/www.facebook.com\/escapade.norvegienne\" \/>\n<meta property=\"article:modified_time\" content=\"2024-11-18T17:01:23+00:00\" \/>\n<meta name=\"twitter:card\" content=\"summary_large_image\" \/>\n<meta name=\"twitter:label1\" content=\"Ansl. lesetid\" \/>\n\t<meta name=\"twitter:data1\" content=\"3 minutter\" \/>\n<script type=\"application\/ld+json\" class=\"yoast-schema-graph\">{\"@context\":\"https:\/\/schema.org\",\"@graph\":[{\"@type\":\"WebPage\",\"@id\":\"https:\/\/www.escapade-norvegienne.com\/no\/personvernregler\/\",\"url\":\"https:\/\/www.escapade-norvegienne.com\/no\/personvernregler\/\",\"name\":\"Personvernregler - Escapade Norvegienne\",\"isPartOf\":{\"@id\":\"https:\/\/www.escapade-norvegienne.com\/no\/#website\"},\"datePublished\":\"2023-03-30T05:46:50+00:00\",\"dateModified\":\"2024-11-18T17:01:23+00:00\",\"breadcrumb\":{\"@id\":\"https:\/\/www.escapade-norvegienne.com\/no\/personvernregler\/#breadcrumb\"},\"inLanguage\":\"nb-NO\",\"potentialAction\":[{\"@type\":\"ReadAction\",\"target\":[\"https:\/\/www.escapade-norvegienne.com\/no\/personvernregler\/\"]}]},{\"@type\":\"BreadcrumbList\",\"@id\":\"https:\/\/www.escapade-norvegienne.com\/no\/personvernregler\/#breadcrumb\",\"itemListElement\":[{\"@type\":\"ListItem\",\"position\":1,\"name\":\"Accueil\",\"item\":\"https:\/\/www.escapade-norvegienne.com\/no\/accueil\/\"},{\"@type\":\"ListItem\",\"position\":2,\"name\":\"Personvernregler\"}]},{\"@type\":\"WebSite\",\"@id\":\"https:\/\/www.escapade-norvegienne.com\/no\/#website\",\"url\":\"https:\/\/www.escapade-norvegienne.com\/no\/\",\"name\":\"Escapade Norvegienne\",\"description\":\"Your nature | Holiday | In Norway\",\"publisher\":{\"@id\":\"https:\/\/www.escapade-norvegienne.com\/no\/#organization\"},\"potentialAction\":[{\"@type\":\"SearchAction\",\"target\":{\"@type\":\"EntryPoint\",\"urlTemplate\":\"https:\/\/www.escapade-norvegienne.com\/no\/?s={search_term_string}\"},\"query-input\":{\"@type\":\"PropertyValueSpecification\",\"valueRequired\":true,\"valueName\":\"search_term_string\"}}],\"inLanguage\":\"nb-NO\"},{\"@type\":\"Organization\",\"@id\":\"https:\/\/www.escapade-norvegienne.com\/no\/#organization\",\"name\":\"Escapade Norvegienne\",\"url\":\"https:\/\/www.escapade-norvegienne.com\/no\/\",\"logo\":{\"@type\":\"ImageObject\",\"inLanguage\":\"nb-NO\",\"@id\":\"https:\/\/www.escapade-norvegienne.com\/no\/#\/schema\/logo\/image\/\",\"url\":\"https:\/\/www.escapade-norvegienne.com\/wp-content\/uploads\/2023\/04\/logo-site2.png\",\"contentUrl\":\"https:\/\/www.escapade-norvegienne.com\/wp-content\/uploads\/2023\/04\/logo-site2.png\",\"width\":595,\"height\":212,\"caption\":\"Escapade Norvegienne\"},\"image\":{\"@id\":\"https:\/\/www.escapade-norvegienne.com\/no\/#\/schema\/logo\/image\/\"},\"sameAs\":[\"https:\/\/www.facebook.com\/escapade.norvegienne\",\"https:\/\/www.instagram.com\/escapade_norvegienne\/\"]}]}<\/script>\n<!-- \/ Yoast SEO plugin. -->","yoast_head_json":{"title":"Personvernregler - Escapade Norvegienne","robots":{"index":"index","follow":"follow","max-snippet":"max-snippet:-1","max-image-preview":"max-image-preview:large","max-video-preview":"max-video-preview:-1"},"canonical":"https:\/\/www.escapade-norvegienne.com\/no\/personvernregler\/","og_locale":"nb_NO","og_type":"article","og_title":"Personvernregler - Escapade Norvegienne","og_description":"Personvernregler Hvem er vi? Adresse til nettstedet v\u00e5rt er: https:\/\/www.escapade-norvegienne.com. Kommentarer N\u00e5r du legger igjen en kommentar p\u00e5 nettstedet v\u00e5rt, samles dataene som er angitt i kommentarskjemaet, samt din IP-adresse og brukeragenten til nettleseren din, for \u00e5 hjelpe oss med \u00e5 oppdage u\u00f8nskede kommentarer. En anonymisert kjede opprettet fra e-postadressen din (ogs\u00e5 kalt hash) kan [&hellip;]","og_url":"https:\/\/www.escapade-norvegienne.com\/no\/personvernregler\/","og_site_name":"Escapade Norvegienne","article_publisher":"https:\/\/www.facebook.com\/escapade.norvegienne","article_modified_time":"2024-11-18T17:01:23+00:00","twitter_card":"summary_large_image","twitter_misc":{"Ansl. lesetid":"3 minutter"},"schema":{"@context":"https:\/\/schema.org","@graph":[{"@type":"WebPage","@id":"https:\/\/www.escapade-norvegienne.com\/no\/personvernregler\/","url":"https:\/\/www.escapade-norvegienne.com\/no\/personvernregler\/","name":"Personvernregler - Escapade Norvegienne","isPartOf":{"@id":"https:\/\/www.escapade-norvegienne.com\/no\/#website"},"datePublished":"2023-03-30T05:46:50+00:00","dateModified":"2024-11-18T17:01:23+00:00","breadcrumb":{"@id":"https:\/\/www.escapade-norvegienne.com\/no\/personvernregler\/#breadcrumb"},"inLanguage":"nb-NO","potentialAction":[{"@type":"ReadAction","target":["https:\/\/www.escapade-norvegienne.com\/no\/personvernregler\/"]}]},{"@type":"BreadcrumbList","@id":"https:\/\/www.escapade-norvegienne.com\/no\/personvernregler\/#breadcrumb","itemListElement":[{"@type":"ListItem","position":1,"name":"Accueil","item":"https:\/\/www.escapade-norvegienne.com\/no\/accueil\/"},{"@type":"ListItem","position":2,"name":"Personvernregler"}]},{"@type":"WebSite","@id":"https:\/\/www.escapade-norvegienne.com\/no\/#website","url":"https:\/\/www.escapade-norvegienne.com\/no\/","name":"Escapade Norvegienne","description":"Your nature | Holiday | In Norway","publisher":{"@id":"https:\/\/www.escapade-norvegienne.com\/no\/#organization"},"potentialAction":[{"@type":"SearchAction","target":{"@type":"EntryPoint","urlTemplate":"https:\/\/www.escapade-norvegienne.com\/no\/?s={search_term_string}"},"query-input":{"@type":"PropertyValueSpecification","valueRequired":true,"valueName":"search_term_string"}}],"inLanguage":"nb-NO"},{"@type":"Organization","@id":"https:\/\/www.escapade-norvegienne.com\/no\/#organization","name":"Escapade Norvegienne","url":"https:\/\/www.escapade-norvegienne.com\/no\/","logo":{"@type":"ImageObject","inLanguage":"nb-NO","@id":"https:\/\/www.escapade-norvegienne.com\/no\/#\/schema\/logo\/image\/","url":"https:\/\/www.escapade-norvegienne.com\/wp-content\/uploads\/2023\/04\/logo-site2.png","contentUrl":"https:\/\/www.escapade-norvegienne.com\/wp-content\/uploads\/2023\/04\/logo-site2.png","width":595,"height":212,"caption":"Escapade Norvegienne"},"image":{"@id":"https:\/\/www.escapade-norvegienne.com\/no\/#\/schema\/logo\/image\/"},"sameAs":["https:\/\/www.facebook.com\/escapade.norvegienne","https:\/\/www.instagram.com\/escapade_norvegienne\/"]}]}},"_links":{"self":[{"href":"https:\/\/www.escapade-norvegienne.com\/no\/wp-json\/wp\/v2\/pages\/24182","targetHints":{"allow":["GET"]}}],"collection":[{"href":"https:\/\/www.escapade-norvegienne.com\/no\/wp-json\/wp\/v2\/pages"}],"about":[{"href":"https:\/\/www.escapade-norvegienne.com\/no\/wp-json\/wp\/v2\/types\/page"}],"author":[{"embeddable":true,"href":"https:\/\/www.escapade-norvegienne.com\/no\/wp-json\/wp\/v2\/users\/1"}],"replies":[{"embeddable":true,"href":"https:\/\/www.escapade-norvegienne.com\/no\/wp-json\/wp\/v2\/comments?post=24182"}],"version-history":[{"count":4,"href":"https:\/\/www.escapade-norvegienne.com\/no\/wp-json\/wp\/v2\/pages\/24182\/revisions"}],"predecessor-version":[{"id":24186,"href":"https:\/\/www.escapade-norvegienne.com\/no\/wp-json\/wp\/v2\/pages\/24182\/revisions\/24186"}],"wp:attachment":[{"href":"https:\/\/www.escapade-norvegienne.com\/no\/wp-json\/wp\/v2\/media?parent=24182"}],"curies":[{"name":"wp","href":"https:\/\/api.w.org\/{rel}","templated":true}]}}