{"id":24249,"date":"2023-10-30T10:23:51","date_gmt":"2023-10-30T09:23:51","guid":{"rendered":"https:\/\/www.escapade-norvegienne.com\/qui-sommes-nous\/"},"modified":"2024-11-18T18:04:01","modified_gmt":"2024-11-18T17:04:01","slug":"hvem-er-vi","status":"publish","type":"page","link":"https:\/\/www.escapade-norvegienne.com\/no\/hvem-er-vi\/","title":{"rendered":"Hvem er vi?"},"content":{"rendered":"\t\t<div data-elementor-type=\"wp-page\" data-elementor-id=\"24249\" class=\"elementor elementor-24249 elementor-8452\" data-elementor-post-type=\"page\">\n\t\t\t\t\t\t<section class=\"elementor-section elementor-top-section elementor-element elementor-element-425e9c7b elementor-section-stretched elementor-section-height-min-height elementor-section-content-bottom elementor-reverse-mobile elementor-section-boxed elementor-section-height-default elementor-section-items-middle\" data-id=\"425e9c7b\" data-element_type=\"section\" data-settings=\"{&quot;stretch_section&quot;:&quot;section-stretched&quot;,&quot;background_background&quot;:&quot;slideshow&quot;,&quot;background_slideshow_gallery&quot;:[{&quot;id&quot;:18330,&quot;url&quot;:&quot;https:\\\/\\\/www.escapade-norvegienne.com\\\/wp-content\\\/uploads\\\/2023\\\/11\\\/IMG_2148-scaled.jpg&quot;},{&quot;id&quot;:22920,&quot;url&quot;:&quot;https:\\\/\\\/www.escapade-norvegienne.com\\\/wp-content\\\/uploads\\\/2023\\\/12\\\/IMG_0150-scaled-1.jpg&quot;},{&quot;id&quot;:18346,&quot;url&quot;:&quot;https:\\\/\\\/www.escapade-norvegienne.com\\\/wp-content\\\/uploads\\\/2023\\\/11\\\/IMG_2253-scaled.jpg&quot;},{&quot;id&quot;:18412,&quot;url&quot;:&quot;https:\\\/\\\/www.escapade-norvegienne.com\\\/wp-content\\\/uploads\\\/2023\\\/11\\\/IMG_2949-scaled.jpg&quot;},{&quot;id&quot;:18402,&quot;url&quot;:&quot;https:\\\/\\\/www.escapade-norvegienne.com\\\/wp-content\\\/uploads\\\/2023\\\/11\\\/P1221992.jpg&quot;},{&quot;id&quot;:18414,&quot;url&quot;:&quot;https:\\\/\\\/www.escapade-norvegienne.com\\\/wp-content\\\/uploads\\\/2023\\\/11\\\/IMG_3080-scaled.jpg&quot;},{&quot;id&quot;:22923,&quot;url&quot;:&quot;https:\\\/\\\/www.escapade-norvegienne.com\\\/wp-content\\\/uploads\\\/2023\\\/12\\\/table.jpg&quot;}],&quot;background_slideshow_ken_burns&quot;:&quot;yes&quot;,&quot;background_slideshow_loop&quot;:&quot;yes&quot;,&quot;background_slideshow_slide_duration&quot;:5000,&quot;background_slideshow_slide_transition&quot;:&quot;fade&quot;,&quot;background_slideshow_transition_duration&quot;:500,&quot;background_slideshow_ken_burns_zoom_direction&quot;:&quot;in&quot;,&quot;ekit_has_onepagescroll_dot&quot;:&quot;yes&quot;}\">\n\t\t\t\t\t\t<div class=\"elementor-container elementor-column-gap-default\">\n\t\t\t\t\t<div class=\"elementor-column elementor-col-100 elementor-top-column elementor-element elementor-element-6b2dcd10\" data-id=\"6b2dcd10\" data-element_type=\"column\" data-settings=\"{&quot;background_background&quot;:&quot;classic&quot;}\">\n\t\t\t<div class=\"elementor-widget-wrap elementor-element-populated\">\n\t\t\t\t\t\t<div class=\"elementor-element elementor-element-2405a235 elementor-widget elementor-widget-heading\" data-id=\"2405a235\" data-element_type=\"widget\" data-settings=\"{&quot;ekit_we_effect_on&quot;:&quot;none&quot;}\" data-widget_type=\"heading.default\">\n\t\t\t\t<div class=\"elementor-widget-container\">\n\t\t\t\t\t<h1 class=\"elementor-heading-title elementor-size-default\">Hvem er vi?<\/h1>\t\t\t\t<\/div>\n\t\t\t\t<\/div>\n\t\t\t\t\t<\/div>\n\t\t<\/div>\n\t\t\t\t\t<\/div>\n\t\t<\/section>\n\t\t\t\t<section class=\"elementor-section elementor-top-section elementor-element elementor-element-197628a elementor-section-boxed elementor-section-height-default elementor-section-height-default\" data-id=\"197628a\" data-element_type=\"section\" data-settings=\"{&quot;ekit_has_onepagescroll_dot&quot;:&quot;yes&quot;}\">\n\t\t\t\t\t\t<div class=\"elementor-container elementor-column-gap-default\">\n\t\t\t\t\t<div class=\"elementor-column elementor-col-100 elementor-top-column elementor-element elementor-element-afaceb3\" data-id=\"afaceb3\" data-element_type=\"column\">\n\t\t\t<div class=\"elementor-widget-wrap elementor-element-populated\">\n\t\t\t\t\t\t<div class=\"elementor-element elementor-element-04d4704 elementor-widget elementor-widget-heading\" data-id=\"04d4704\" data-element_type=\"widget\" data-settings=\"{&quot;ekit_we_effect_on&quot;:&quot;none&quot;}\" data-widget_type=\"heading.default\">\n\t\t\t\t<div class=\"elementor-widget-container\">\n\t\t\t\t\t<h2 class=\"elementor-heading-title elementor-size-default\"><a href=\"\/activite-chasse-escapade-norvegienne\/\">Natur- og friluftsentusiaster \u00f8nsker deg velkommen!<\/a><\/h2>\t\t\t\t<\/div>\n\t\t\t\t<\/div>\n\t\t\t\t<div class=\"elementor-element elementor-element-be983fa elementor-widget elementor-widget-tp-blockquote\" data-id=\"be983fa\" data-element_type=\"widget\" data-settings=\"{&quot;ekit_we_effect_on&quot;:&quot;none&quot;}\" data-widget_type=\"tp-blockquote.default\">\n\t\t\t\t<div class=\"elementor-widget-container\">\n\t\t\t\t\t<div class=\"pt-plus-text-block-wrapper\" ><div class=\"text_block_parallax\"><div class=\"plus_blockquote quote-style-1   none \" ><blockquote class=\"quote-text\"><span class=\"tp-bq-desc\"><p>Vi er et par av entusiaster fra Tarn i S\u00f8rvest-Frankrike som har bestemt oss for \u00e5 leve v\u00e5r norske dr\u00f8m med hundeslederne v\u00e5re.<\/p><\/span><\/blockquote><\/div><\/div><\/div>\t\t\t\t<\/div>\n\t\t\t\t<\/div>\n\t\t\t\t<div class=\"elementor-element elementor-element-6db7bd8 elementor-widget elementor-widget-heading\" data-id=\"6db7bd8\" data-element_type=\"widget\" data-settings=\"{&quot;ekit_we_effect_on&quot;:&quot;none&quot;}\" data-widget_type=\"heading.default\">\n\t\t\t\t<div class=\"elementor-widget-container\">\n\t\t\t\t\t<h2 class=\"elementor-heading-title elementor-size-default\"><a href=\"\/activite-chasse-escapade-norvegienne\/\">Hundesledel\u00f8pene har f\u00f8rt oss hit, til hjertet av Norge<\/a><\/h2>\t\t\t\t<\/div>\n\t\t\t\t<\/div>\n\t\t\t\t<div class=\"elementor-element elementor-element-1320370 elementor-widget elementor-widget-text-editor\" data-id=\"1320370\" data-element_type=\"widget\" data-settings=\"{&quot;ekit_we_effect_on&quot;:&quot;none&quot;}\" data-widget_type=\"text-editor.default\">\n\t\t\t\t<div class=\"elementor-widget-container\">\n\t\t\t\t\t\t\t\t\t<p>Etter \u00e5 ha oppdaget \u00ab<strong><span style=\"color: #448081;\">Fjellregionen<\/span><\/strong>\u00bb i sentrum av Norge under en hundesledel\u00f8p i 2007, flyttet vi i 2009 til Moen Gard, en stor trehusfarm ved foten av h\u00f8yplat\u00e5ene i Hodalen, midt i den norske naturen.<\/p><p>Vi har renovert g\u00e5rden for \u00e5 ta imot v\u00e5re gjester med respekt for stedet. Bygningene er laget av gamle t\u00f8mmerstokker, og vi har \u00f8nsket \u00e5 bevare stedet i all enkelhet.<\/p><p><strong><span style=\"color: #448081;\">Jean-Philippe Pontier<\/span><\/strong>, mekaniker, musher og fisker p\u00e5 sitt nettsted www.team-pontier.com, har v\u00e6rt lidenskapelig opptatt av hundeslede siden han var 18 \u00e5r. Han ble fransk mester i 2004 og vant Grande Odyss\u00e9e Savoie Mont Blanc i 2014. Han fortsetter \u00e5 delta i langdistansel\u00f8p i Norge.<\/p><p><strong><span style=\"color: #448081;\">St\u00e9phanie<\/span><\/strong>, utdannet ingeni\u00f8r, er nysgjerrig p\u00e5 teknologi, fremskritt, kultur, og hun elsker natur, fotografering og lesing. Hun lager alle rettene som serveres p\u00e5 g\u00e5rden. En norsk, fransk, kreativ, fargerik og smakfull matopplevelse\u2026<\/p><p>V\u00e5r ambisjon er \u00e5 dele v\u00e5rt univers med deg og la deg oppdage denne lille perlen av natur, langt unna alt, storsl\u00e5tt og fantastisk, full av rikdom, b\u00e5de gener\u00f8s og fiendtlig, der vi har sl\u00e5tt oss ned og hvor vi venter p\u00e5 deg.<\/p>\t\t\t\t\t\t\t\t<\/div>\n\t\t\t\t<\/div>\n\t\t\t\t\t<\/div>\n\t\t<\/div>\n\t\t\t\t\t<\/div>\n\t\t<\/section>\n\t\t\t\t<section class=\"elementor-section elementor-top-section elementor-element elementor-element-e9cc5a5 elementor-section-boxed elementor-section-height-default elementor-section-height-default\" data-id=\"e9cc5a5\" data-element_type=\"section\" data-settings=\"{&quot;ekit_has_onepagescroll_dot&quot;:&quot;yes&quot;}\">\n\t\t\t\t\t\t<div class=\"elementor-container elementor-column-gap-default\">\n\t\t\t\t\t<div class=\"elementor-column elementor-col-100 elementor-top-column elementor-element elementor-element-d9d892f\" data-id=\"d9d892f\" data-element_type=\"column\">\n\t\t\t<div class=\"elementor-widget-wrap elementor-element-populated\">\n\t\t\t\t\t\t<div class=\"elementor-element elementor-element-01608fa elementor-arrows-position-inside elementor-pagination-position-outside elementor-widget elementor-widget-image-carousel\" data-id=\"01608fa\" data-element_type=\"widget\" data-settings=\"{&quot;navigation&quot;:&quot;both&quot;,&quot;autoplay&quot;:&quot;yes&quot;,&quot;pause_on_hover&quot;:&quot;yes&quot;,&quot;pause_on_interaction&quot;:&quot;yes&quot;,&quot;autoplay_speed&quot;:5000,&quot;infinite&quot;:&quot;yes&quot;,&quot;speed&quot;:500,&quot;ekit_we_effect_on&quot;:&quot;none&quot;}\" data-widget_type=\"image-carousel.default\">\n\t\t\t\t<div class=\"elementor-widget-container\">\n\t\t\t\t\t\t\t<div class=\"elementor-image-carousel-wrapper swiper\" role=\"region\" aria-roledescription=\"carousel\" aria-label=\"Bildekarusell\" dir=\"ltr\">\n\t\t\t<div class=\"elementor-image-carousel swiper-wrapper\" aria-live=\"off\">\n\t\t\t\t\t\t\t\t<div class=\"swiper-slide\" role=\"group\" aria-roledescription=\"slide\" aria-label=\"1 av 6\"><figure class=\"swiper-slide-inner\"><img decoding=\"async\" class=\"swiper-slide-image\" src=\"https:\/\/www.escapade-norvegienne.com\/wp-content\/uploads\/2023\/06\/hiver-05-1024x1024.jpg\" alt=\"hiver-05\" \/><\/figure><\/div><div class=\"swiper-slide\" role=\"group\" aria-roledescription=\"slide\" aria-label=\"2 av 6\"><figure class=\"swiper-slide-inner\"><img decoding=\"async\" class=\"swiper-slide-image\" src=\"https:\/\/www.escapade-norvegienne.com\/wp-content\/uploads\/2023\/10\/famille-1024x1024.jpg\" alt=\"A propos de l&#039;\u00e9quipe de la soci\u00e9t\u00e9 Escapade Norv\u00e9gienne\" \/><\/figure><\/div><div class=\"swiper-slide\" role=\"group\" aria-roledescription=\"slide\" aria-label=\"3 av 6\"><figure class=\"swiper-slide-inner\"><img decoding=\"async\" class=\"swiper-slide-image\" src=\"https:\/\/www.escapade-norvegienne.com\/wp-content\/uploads\/2023\/06\/racer-03-1024x1024.jpg\" alt=\"racer-03\" \/><\/figure><\/div><div class=\"swiper-slide\" role=\"group\" aria-roledescription=\"slide\" aria-label=\"4 av 6\"><figure class=\"swiper-slide-inner\"><img decoding=\"async\" class=\"swiper-slide-image\" src=\"https:\/\/www.escapade-norvegienne.com\/wp-content\/uploads\/2023\/01\/JP-PONTIER.jpg\" alt=\"JP-PONTIER\" \/><\/figure><\/div><div class=\"swiper-slide\" role=\"group\" aria-roledescription=\"slide\" aria-label=\"5 av 6\"><figure class=\"swiper-slide-inner\"><img decoding=\"async\" class=\"swiper-slide-image\" src=\"https:\/\/www.escapade-norvegienne.com\/wp-content\/uploads\/2023\/10\/stephanie-1024x1024.jpg\" alt=\"A propos de l&#039;\u00e9quipe de la soci\u00e9t\u00e9 Escapade Norv\u00e9gienne\" \/><\/figure><\/div><div class=\"swiper-slide\" role=\"group\" aria-roledescription=\"slide\" aria-label=\"6 av 6\"><figure class=\"swiper-slide-inner\"><img decoding=\"async\" class=\"swiper-slide-image\" src=\"https:\/\/www.escapade-norvegienne.com\/wp-content\/uploads\/2023\/10\/igloo-1024x1024.jpg\" alt=\"igloo\" \/><\/figure><\/div>\t\t\t<\/div>\n\t\t\t\t\t\t\t\t\t\t\t\t<div class=\"elementor-swiper-button elementor-swiper-button-prev\" role=\"button\" tabindex=\"0\">\n\t\t\t\t\t\t<i aria-hidden=\"true\" class=\"eicon-chevron-left\"><\/i>\t\t\t\t\t<\/div>\n\t\t\t\t\t<div class=\"elementor-swiper-button elementor-swiper-button-next\" role=\"button\" tabindex=\"0\">\n\t\t\t\t\t\t<i aria-hidden=\"true\" class=\"eicon-chevron-right\"><\/i>\t\t\t\t\t<\/div>\n\t\t\t\t\n\t\t\t\t\t\t\t\t\t<div class=\"swiper-pagination\"><\/div>\n\t\t\t\t\t\t\t\t\t<\/div>\n\t\t\t\t\t\t<\/div>\n\t\t\t\t<\/div>\n\t\t\t\t\t<\/div>\n\t\t<\/div>\n\t\t\t\t\t<\/div>\n\t\t<\/section>\n\t\t\t\t<\/div>\n\t\t","protected":false},"excerpt":{"rendered":"<p>Hvem er vi? Natur- og friluftsentusiaster \u00f8nsker deg velkommen! Vi er et par av entusiaster fra Tarn i S\u00f8rvest-Frankrike som har bestemt oss for \u00e5 leve v\u00e5r norske dr\u00f8m med hundeslederne v\u00e5re. Hundesledel\u00f8pene har f\u00f8rt oss hit, til hjertet av Norge Etter \u00e5 ha oppdaget \u00abFjellregionen\u00bb i sentrum av Norge under en hundesledel\u00f8p i 2007, [&hellip;]<\/p>\n","protected":false},"author":1,"featured_media":0,"parent":0,"menu_order":0,"comment_status":"closed","ping_status":"closed","template":"elementor_header_footer","meta":{"footnotes":""},"class_list":["post-24249","page","type-page","status-publish","hentry"],"yoast_head":"<!-- This site is optimized with the Yoast SEO plugin v26.6 - https:\/\/yoast.com\/wordpress\/plugins\/seo\/ -->\n<title>Hvem er vi? - Escapade Norvegienne<\/title>\n<meta name=\"description\" content=\"Vi er et par av entusiaster fra Tarn som har bestemt seg for \u00e5 leve v\u00e5r norske dr\u00f8m med v\u00e5re hundesleder.\" \/>\n<meta name=\"robots\" content=\"index, follow, max-snippet:-1, max-image-preview:large, max-video-preview:-1\" \/>\n<link rel=\"canonical\" href=\"https:\/\/www.escapade-norvegienne.com\/no\/hvem-er-vi\/\" \/>\n<meta property=\"og:locale\" content=\"nb_NO\" \/>\n<meta property=\"og:type\" content=\"article\" \/>\n<meta property=\"og:title\" content=\"Hvem er vi? - Escapade Norvegienne\" \/>\n<meta property=\"og:description\" content=\"Vi er et par av entusiaster fra Tarn som har bestemt seg for \u00e5 leve v\u00e5r norske dr\u00f8m med v\u00e5re hundesleder.\" \/>\n<meta property=\"og:url\" content=\"https:\/\/www.escapade-norvegienne.com\/no\/hvem-er-vi\/\" \/>\n<meta property=\"og:site_name\" content=\"Escapade Norvegienne\" \/>\n<meta property=\"article:publisher\" content=\"https:\/\/www.facebook.com\/escapade.norvegienne\" \/>\n<meta property=\"article:modified_time\" content=\"2024-11-18T17:04:01+00:00\" \/>\n<meta property=\"og:image\" content=\"https:\/\/www.escapade-norvegienne.com\/wp-content\/uploads\/2023\/06\/hiver-05-1024x1024.jpg\" \/>\n<meta name=\"twitter:card\" content=\"summary_large_image\" \/>\n<meta name=\"twitter:label1\" content=\"Ansl. lesetid\" \/>\n\t<meta name=\"twitter:data1\" content=\"3 minutter\" \/>\n<script type=\"application\/ld+json\" class=\"yoast-schema-graph\">{\"@context\":\"https:\/\/schema.org\",\"@graph\":[{\"@type\":[\"WebPage\",\"AboutPage\"],\"@id\":\"https:\/\/www.escapade-norvegienne.com\/no\/hvem-er-vi\/\",\"url\":\"https:\/\/www.escapade-norvegienne.com\/no\/hvem-er-vi\/\",\"name\":\"Hvem er vi? - Escapade Norvegienne\",\"isPartOf\":{\"@id\":\"https:\/\/www.escapade-norvegienne.com\/no\/#website\"},\"primaryImageOfPage\":{\"@id\":\"https:\/\/www.escapade-norvegienne.com\/no\/hvem-er-vi\/#primaryimage\"},\"image\":{\"@id\":\"https:\/\/www.escapade-norvegienne.com\/no\/hvem-er-vi\/#primaryimage\"},\"thumbnailUrl\":\"https:\/\/www.escapade-norvegienne.com\/wp-content\/uploads\/2023\/06\/hiver-05-1024x1024.jpg\",\"datePublished\":\"2023-10-30T09:23:51+00:00\",\"dateModified\":\"2024-11-18T17:04:01+00:00\",\"description\":\"Vi er et par av entusiaster fra Tarn som har bestemt seg for \u00e5 leve v\u00e5r norske dr\u00f8m med v\u00e5re hundesleder.\",\"breadcrumb\":{\"@id\":\"https:\/\/www.escapade-norvegienne.com\/no\/hvem-er-vi\/#breadcrumb\"},\"inLanguage\":\"nb-NO\",\"potentialAction\":[{\"@type\":\"ReadAction\",\"target\":[\"https:\/\/www.escapade-norvegienne.com\/no\/hvem-er-vi\/\"]}]},{\"@type\":\"ImageObject\",\"inLanguage\":\"nb-NO\",\"@id\":\"https:\/\/www.escapade-norvegienne.com\/no\/hvem-er-vi\/#primaryimage\",\"url\":\"https:\/\/www.escapade-norvegienne.com\/wp-content\/uploads\/2023\/06\/hiver-05-1024x1024.jpg\",\"contentUrl\":\"https:\/\/www.escapade-norvegienne.com\/wp-content\/uploads\/2023\/06\/hiver-05-1024x1024.jpg\"},{\"@type\":\"BreadcrumbList\",\"@id\":\"https:\/\/www.escapade-norvegienne.com\/no\/hvem-er-vi\/#breadcrumb\",\"itemListElement\":[{\"@type\":\"ListItem\",\"position\":1,\"name\":\"Accueil\",\"item\":\"https:\/\/www.escapade-norvegienne.com\/no\/accueil\/\"},{\"@type\":\"ListItem\",\"position\":2,\"name\":\"Hvem er vi?\"}]},{\"@type\":\"WebSite\",\"@id\":\"https:\/\/www.escapade-norvegienne.com\/no\/#website\",\"url\":\"https:\/\/www.escapade-norvegienne.com\/no\/\",\"name\":\"Escapade Norvegienne\",\"description\":\"Your nature | Holiday | In Norway\",\"publisher\":{\"@id\":\"https:\/\/www.escapade-norvegienne.com\/no\/#organization\"},\"potentialAction\":[{\"@type\":\"SearchAction\",\"target\":{\"@type\":\"EntryPoint\",\"urlTemplate\":\"https:\/\/www.escapade-norvegienne.com\/no\/?s={search_term_string}\"},\"query-input\":{\"@type\":\"PropertyValueSpecification\",\"valueRequired\":true,\"valueName\":\"search_term_string\"}}],\"inLanguage\":\"nb-NO\"},{\"@type\":\"Organization\",\"@id\":\"https:\/\/www.escapade-norvegienne.com\/no\/#organization\",\"name\":\"Escapade Norvegienne\",\"url\":\"https:\/\/www.escapade-norvegienne.com\/no\/\",\"logo\":{\"@type\":\"ImageObject\",\"inLanguage\":\"nb-NO\",\"@id\":\"https:\/\/www.escapade-norvegienne.com\/no\/#\/schema\/logo\/image\/\",\"url\":\"https:\/\/www.escapade-norvegienne.com\/wp-content\/uploads\/2023\/04\/logo-site2.png\",\"contentUrl\":\"https:\/\/www.escapade-norvegienne.com\/wp-content\/uploads\/2023\/04\/logo-site2.png\",\"width\":595,\"height\":212,\"caption\":\"Escapade Norvegienne\"},\"image\":{\"@id\":\"https:\/\/www.escapade-norvegienne.com\/no\/#\/schema\/logo\/image\/\"},\"sameAs\":[\"https:\/\/www.facebook.com\/escapade.norvegienne\",\"https:\/\/www.instagram.com\/escapade_norvegienne\/\"]}]}<\/script>\n<!-- \/ Yoast SEO plugin. -->","yoast_head_json":{"title":"Hvem er vi? - Escapade Norvegienne","description":"Vi er et par av entusiaster fra Tarn som har bestemt seg for \u00e5 leve v\u00e5r norske dr\u00f8m med v\u00e5re hundesleder.","robots":{"index":"index","follow":"follow","max-snippet":"max-snippet:-1","max-image-preview":"max-image-preview:large","max-video-preview":"max-video-preview:-1"},"canonical":"https:\/\/www.escapade-norvegienne.com\/no\/hvem-er-vi\/","og_locale":"nb_NO","og_type":"article","og_title":"Hvem er vi? - Escapade Norvegienne","og_description":"Vi er et par av entusiaster fra Tarn som har bestemt seg for \u00e5 leve v\u00e5r norske dr\u00f8m med v\u00e5re hundesleder.","og_url":"https:\/\/www.escapade-norvegienne.com\/no\/hvem-er-vi\/","og_site_name":"Escapade Norvegienne","article_publisher":"https:\/\/www.facebook.com\/escapade.norvegienne","article_modified_time":"2024-11-18T17:04:01+00:00","og_image":[{"url":"https:\/\/www.escapade-norvegienne.com\/wp-content\/uploads\/2023\/06\/hiver-05-1024x1024.jpg","type":"","width":"","height":""}],"twitter_card":"summary_large_image","twitter_misc":{"Ansl. lesetid":"3 minutter"},"schema":{"@context":"https:\/\/schema.org","@graph":[{"@type":["WebPage","AboutPage"],"@id":"https:\/\/www.escapade-norvegienne.com\/no\/hvem-er-vi\/","url":"https:\/\/www.escapade-norvegienne.com\/no\/hvem-er-vi\/","name":"Hvem er vi? - Escapade Norvegienne","isPartOf":{"@id":"https:\/\/www.escapade-norvegienne.com\/no\/#website"},"primaryImageOfPage":{"@id":"https:\/\/www.escapade-norvegienne.com\/no\/hvem-er-vi\/#primaryimage"},"image":{"@id":"https:\/\/www.escapade-norvegienne.com\/no\/hvem-er-vi\/#primaryimage"},"thumbnailUrl":"https:\/\/www.escapade-norvegienne.com\/wp-content\/uploads\/2023\/06\/hiver-05-1024x1024.jpg","datePublished":"2023-10-30T09:23:51+00:00","dateModified":"2024-11-18T17:04:01+00:00","description":"Vi er et par av entusiaster fra Tarn som har bestemt seg for \u00e5 leve v\u00e5r norske dr\u00f8m med v\u00e5re hundesleder.","breadcrumb":{"@id":"https:\/\/www.escapade-norvegienne.com\/no\/hvem-er-vi\/#breadcrumb"},"inLanguage":"nb-NO","potentialAction":[{"@type":"ReadAction","target":["https:\/\/www.escapade-norvegienne.com\/no\/hvem-er-vi\/"]}]},{"@type":"ImageObject","inLanguage":"nb-NO","@id":"https:\/\/www.escapade-norvegienne.com\/no\/hvem-er-vi\/#primaryimage","url":"https:\/\/www.escapade-norvegienne.com\/wp-content\/uploads\/2023\/06\/hiver-05-1024x1024.jpg","contentUrl":"https:\/\/www.escapade-norvegienne.com\/wp-content\/uploads\/2023\/06\/hiver-05-1024x1024.jpg"},{"@type":"BreadcrumbList","@id":"https:\/\/www.escapade-norvegienne.com\/no\/hvem-er-vi\/#breadcrumb","itemListElement":[{"@type":"ListItem","position":1,"name":"Accueil","item":"https:\/\/www.escapade-norvegienne.com\/no\/accueil\/"},{"@type":"ListItem","position":2,"name":"Hvem er vi?"}]},{"@type":"WebSite","@id":"https:\/\/www.escapade-norvegienne.com\/no\/#website","url":"https:\/\/www.escapade-norvegienne.com\/no\/","name":"Escapade Norvegienne","description":"Your nature | Holiday | In Norway","publisher":{"@id":"https:\/\/www.escapade-norvegienne.com\/no\/#organization"},"potentialAction":[{"@type":"SearchAction","target":{"@type":"EntryPoint","urlTemplate":"https:\/\/www.escapade-norvegienne.com\/no\/?s={search_term_string}"},"query-input":{"@type":"PropertyValueSpecification","valueRequired":true,"valueName":"search_term_string"}}],"inLanguage":"nb-NO"},{"@type":"Organization","@id":"https:\/\/www.escapade-norvegienne.com\/no\/#organization","name":"Escapade Norvegienne","url":"https:\/\/www.escapade-norvegienne.com\/no\/","logo":{"@type":"ImageObject","inLanguage":"nb-NO","@id":"https:\/\/www.escapade-norvegienne.com\/no\/#\/schema\/logo\/image\/","url":"https:\/\/www.escapade-norvegienne.com\/wp-content\/uploads\/2023\/04\/logo-site2.png","contentUrl":"https:\/\/www.escapade-norvegienne.com\/wp-content\/uploads\/2023\/04\/logo-site2.png","width":595,"height":212,"caption":"Escapade Norvegienne"},"image":{"@id":"https:\/\/www.escapade-norvegienne.com\/no\/#\/schema\/logo\/image\/"},"sameAs":["https:\/\/www.facebook.com\/escapade.norvegienne","https:\/\/www.instagram.com\/escapade_norvegienne\/"]}]}},"_links":{"self":[{"href":"https:\/\/www.escapade-norvegienne.com\/no\/wp-json\/wp\/v2\/pages\/24249","targetHints":{"allow":["GET"]}}],"collection":[{"href":"https:\/\/www.escapade-norvegienne.com\/no\/wp-json\/wp\/v2\/pages"}],"about":[{"href":"https:\/\/www.escapade-norvegienne.com\/no\/wp-json\/wp\/v2\/types\/page"}],"author":[{"embeddable":true,"href":"https:\/\/www.escapade-norvegienne.com\/no\/wp-json\/wp\/v2\/users\/1"}],"replies":[{"embeddable":true,"href":"https:\/\/www.escapade-norvegienne.com\/no\/wp-json\/wp\/v2\/comments?post=24249"}],"version-history":[{"count":4,"href":"https:\/\/www.escapade-norvegienne.com\/no\/wp-json\/wp\/v2\/pages\/24249\/revisions"}],"predecessor-version":[{"id":24253,"href":"https:\/\/www.escapade-norvegienne.com\/no\/wp-json\/wp\/v2\/pages\/24249\/revisions\/24253"}],"wp:attachment":[{"href":"https:\/\/www.escapade-norvegienne.com\/no\/wp-json\/wp\/v2\/media?parent=24249"}],"curies":[{"name":"wp","href":"https:\/\/api.w.org\/{rel}","templated":true}]}}